{"id":1285,"date":"2017-08-14T11:20:48","date_gmt":"2017-08-14T11:20:48","guid":{"rendered":"https:\/\/creative.dev\/?page_id=1285"},"modified":"2021-02-26T08:37:59","modified_gmt":"2021-02-26T08:37:59","slug":"marketing-digital","status":"publish","type":"page","link":"https:\/\/trezemarketing.com\/?page_id=1285","title":{"rendered":"Marketing Digital"},"content":{"rendered":"\n<h2 class=\"has-text-align-center wp-block-heading\">\u00abUn Plan de Marketing es un documento que recoge los Objetivos y la forma de conseguirlos\u00bb<\/h2>\n\n\n\n<div style=\"height:100px\" aria-hidden=\"true\" class=\"wp-block-spacer\"><\/div>\n\n\n\n<div class=\"wp-block-image is-style-rounded\"><figure class=\"aligncenter size-large\"><img loading=\"lazy\" decoding=\"async\" width=\"1024\" height=\"641\" src=\"https:\/\/trezemarketing.com\/wp-content\/uploads\/2021\/02\/analisis-objetivos-estrategia-accion-1280x801-1-1024x641.jpg\" alt=\"\" class=\"wp-image-2044\" srcset=\"https:\/\/trezemarketing.com\/wp-content\/uploads\/2021\/02\/analisis-objetivos-estrategia-accion-1280x801-1-1024x641.jpg 1024w, https:\/\/trezemarketing.com\/wp-content\/uploads\/2021\/02\/analisis-objetivos-estrategia-accion-1280x801-1-300x188.jpg 300w, https:\/\/trezemarketing.com\/wp-content\/uploads\/2021\/02\/analisis-objetivos-estrategia-accion-1280x801-1-768x481.jpg 768w, https:\/\/trezemarketing.com\/wp-content\/uploads\/2021\/02\/analisis-objetivos-estrategia-accion-1280x801-1.jpg 1280w\" sizes=\"auto, (max-width: 1024px) 100vw, 1024px\" \/><\/figure><\/div>\n\n\n\n<div style=\"height:100px\" aria-hidden=\"true\" class=\"wp-block-spacer\"><\/div>\n\n\n\n<p>El Marketing Digital, dadas las circunstancias actuales, donde la digitalizaci\u00f3n es un hecho, ha pasado a ser una de las profesiones con m\u00e1s trabajo en la actualidad. Es pr\u00e1cticamente imposible pensar en cualquier nuevo proyecto de negocios que no considere esta especialidad esencial para el desarrollo de sus objetivos.<\/p>\n\n\n\n<p>A trav\u00e9s de las estrategias de Marketing digital somos capaces de llegar a las personas adecuadas para nuestro negocio. Esto se consigue elaborando un Plan de Marketing.<\/p>\n\n\n\n<p>B\u00e1sicamente un Plan de Marketing es un documento que recoge los objetivos y las forma de conseguirlos. Para los negocios digitales o de internet hay que contar con especialistas en Marketing Digital dada la complejidad de los medios digitales.<\/p>\n\n\n\n<div style=\"height:100px\" aria-hidden=\"true\" class=\"wp-block-spacer\"><\/div>\n\n\n\n<h2 class=\"wp-block-heading\">\u00bfQu\u00e9 es el Marketing Digital o Marketing Online?<\/h2>\n\n\n\n<p>Podemos decir que el Marketing Digital, es un conjunto de acciones y estrategias publicitarias y comerciales que tienen como objetivo la venta de productos o servicios, todas ellas dentro del \u00e1mbito digital.<\/p>\n\n\n\n<p>La principal misi\u00f3n del Marketing Digital es la misma que la del marketing convencional, es llegar a conseguir nuestro objetivo de marca, de venta, de captaci\u00f3n de clientes potenciales, etc. Pero todo esto se realiza a trav\u00e9s de los medios y canales digitales. Por este motivo esta modalidad del Marketing Digital se convierte en una profesi\u00f3n muy especializada.<\/p>\n\n\n\n<p>En est\u00e1 modalidad digital pr\u00e1cticamente todo se puede medir. Esto nos facilita mucho el trabajo para conocer el comportamiento de los usuarios y adaptar las estrategias de marketing para conseguir el objetivo final.<\/p>\n\n\n\n<div style=\"height:100px\" aria-hidden=\"true\" class=\"wp-block-spacer\"><\/div>\n\n\n\n<div class=\"wp-block-image\"><figure class=\"aligncenter size-large\"><img loading=\"lazy\" decoding=\"async\" width=\"1024\" height=\"641\" src=\"https:\/\/trezemarketing.com\/wp-content\/uploads\/2021\/02\/conjunto-acciones-estrategia-1280x801-1-1024x641.jpg\" alt=\"\" class=\"wp-image-2049\" srcset=\"https:\/\/trezemarketing.com\/wp-content\/uploads\/2021\/02\/conjunto-acciones-estrategia-1280x801-1-1024x641.jpg 1024w, https:\/\/trezemarketing.com\/wp-content\/uploads\/2021\/02\/conjunto-acciones-estrategia-1280x801-1-300x188.jpg 300w, https:\/\/trezemarketing.com\/wp-content\/uploads\/2021\/02\/conjunto-acciones-estrategia-1280x801-1-768x481.jpg 768w, https:\/\/trezemarketing.com\/wp-content\/uploads\/2021\/02\/conjunto-acciones-estrategia-1280x801-1.jpg 1280w\" sizes=\"auto, (max-width: 1024px) 100vw, 1024px\" \/><\/figure><\/div>\n\n\n\n<div style=\"height:100px\" aria-hidden=\"true\" class=\"wp-block-spacer\"><\/div>\n\n\n\n<div style=\"background-color:#000000;text-align:center\" class=\"wp-block-genesis-blocks-gb-cta gb-block-cta aligncenter\"><div class=\"gb-cta-image-wrap\"><img decoding=\"async\" class=\"gb-cta-image has-background-dim\" src=\"https:\/\/trezemarketing.com\/wp-content\/uploads\/2021\/02\/prueba-call-to-action-1280x801-1.jpg\" alt=\"\"\/><\/div><div class=\"gb-cta-content\"><h2 class=\"gb-cta-title gb-font-size-32\" style=\"color:#ffffff\">Solicita una Consultor\u00eda Online GRATIS para conocer mejor tu proyecto<\/h2><div class=\"gb-cta-text gb-font-size-32\" style=\"color:#ffffff\"><p>Consultor\u00eda Online de 30 minutos de duraci\u00f3n. Valorada en 90 \u20ac<\/p><\/div><\/div><div class=\"gb-cta-button\"><a href=\"https:\/consultoria-online\" target=\"_blank\" rel=\"noopener noreferrer\" class=\"gb-button gb-button-shape-circular gb-button-size-extralarge\" style=\"color:#ffffff;background-color:#fb1f56\">Consultor\u00eda Online<\/a><\/div><\/div>\n\n\n\n<div style=\"height:100px\" aria-hidden=\"true\" class=\"wp-block-spacer\"><\/div>\n\n\n\n<h2 class=\"wp-block-heading\">Plan de Marketing Digital. \u00bfEn qu\u00e9 consiste?<\/h2>\n\n\n\n<p>Como hemos dicho anteriormente un Plan de Marketing Digital es un documento, que mediante un estudio en profundidad, recoge los objetivos que queremos logra y la forma de conseguirlos mediante acciones y estrategias planificadas.<\/p>\n\n\n\n<p>Un Plan de Marketing podemos dividirlo en varias partes, vamos a enumerarlas:<\/p>\n\n\n\n<h3 class=\"has-medium-font-size wp-block-heading\"><strong>An\u00e1lisis de la Situaci\u00f3n<\/strong><\/h3>\n\n\n\n<p>Hay que conocer perfectamente las situaci\u00f3n exterior de la empresa o negocio y mucho mas el interior de la empresa. Para realizar esta acci\u00f3n se desarrolla un An\u00e1lisis DAFO, que consiste en conocer las Amenazas y Oportunidades del mercado exterior y las Debilidades y Fortalezas de la Empresa para la que estamos desarrollando el Plan de Marketing.<\/p>\n\n\n\n<h3 class=\"has-medium-font-size wp-block-heading\"><strong><strong>Definici\u00f3n de Objetivos<\/strong><\/strong><\/h3>\n\n\n\n<p>Una vez conozcas cu\u00e1l es tu situaci\u00f3n en el Mercado y cuales son tus debilidades y puntos fuertes de tu empresa, hay que definir los Objetivos. Para definirlos lo hacemos a trav\u00e9s del m\u00e9todo SMART. Este m\u00e9todo indica que los objetivos deben se espec\u00edficos, medibles, alcanzables, realistas y temporales.<\/p>\n\n\n\n<div style=\"height:100px\" aria-hidden=\"true\" class=\"wp-block-spacer\"><\/div>\n\n\n\n<div class=\"wp-block-image\"><figure class=\"aligncenter size-large\"><img loading=\"lazy\" decoding=\"async\" width=\"1024\" height=\"641\" src=\"https:\/\/trezemarketing.com\/wp-content\/uploads\/2021\/02\/dafo-smart-plan-1280x801-1-1024x641.jpg\" alt=\"\" class=\"wp-image-2059\" srcset=\"https:\/\/trezemarketing.com\/wp-content\/uploads\/2021\/02\/dafo-smart-plan-1280x801-1-1024x641.jpg 1024w, https:\/\/trezemarketing.com\/wp-content\/uploads\/2021\/02\/dafo-smart-plan-1280x801-1-300x188.jpg 300w, https:\/\/trezemarketing.com\/wp-content\/uploads\/2021\/02\/dafo-smart-plan-1280x801-1-768x481.jpg 768w, https:\/\/trezemarketing.com\/wp-content\/uploads\/2021\/02\/dafo-smart-plan-1280x801-1.jpg 1280w\" sizes=\"auto, (max-width: 1024px) 100vw, 1024px\" \/><\/figure><\/div>\n\n\n\n<p class=\"has-text-align-center has-large-font-size\">\u00bfC\u00f3mo te podemos ayudar?<\/p>\n\n\n\n<div class=\"wp-block-buttons aligncenter is-layout-flex wp-block-buttons-is-layout-flex\">\n<div class=\"wp-block-button\"><a class=\"wp-block-button__link has-background\" href=\"https:\/contacto-solicitud-de-informacion\" style=\"border-radius:15px;background-color:#fb1f56\" target=\"_blank\" rel=\"noreferrer noopener\">M\u00e1s Informaci\u00f3n <\/a><\/div>\n\n\n\n<div class=\"wp-block-button\"><a class=\"wp-block-button__link has-background\" href=\"https:\/presupuesto\" style=\"border-radius:15px;background-color:#fb1f56\" target=\"_blank\" rel=\"noreferrer noopener\">Solicitar Presupuesto<\/a><\/div>\n\n\n\n<div class=\"wp-block-button\"><a class=\"wp-block-button__link has-background\" href=\"https:\/consultoria-online\" style=\"border-radius:15px;background-color:#fb1f56\" target=\"_blank\" rel=\"noreferrer noopener\">Consultor\u00eda Online<\/a><\/div>\n<\/div>\n\n\n\n<div style=\"height:100px\" aria-hidden=\"true\" class=\"wp-block-spacer\"><\/div>\n\n\n\n<h3 class=\"has-medium-font-size wp-block-heading\"><strong><strong>Definir Estrategia<\/strong><\/strong><\/h3>\n\n\n\n<p>Una vez definidos los objetivos del negocio o la empresa, debemos saber qu\u00e9 vamos a hacer para conseguirlos. M\u00e1s abajo las enumeramos y te contamos m\u00e1s sobre estas estrategias<\/p>\n\n\n\n<h3 class=\"has-medium-font-size wp-block-heading\"><strong><strong><strong>Medici\u00f3n y KPIs<\/strong><\/strong><\/strong><\/h3>\n\n\n\n<p>Una vez pongamos en Acci\u00f3n la estrategia para conseguir los objetivos debemos estar constantemente midiendo. Esto nos ayudar\u00e1 a conocer si vamos por buen camino para conseguir los objetivos o si debemos modificar alguna de las estrategias.<\/p>\n\n\n\n<div style=\"height:100px\" aria-hidden=\"true\" class=\"wp-block-spacer\"><\/div>\n\n\n\n<h2 class=\"wp-block-heading\">Estrategias de Marketing Digital <\/h2>\n\n\n\n<p>Adem\u00e1s, ofrecemos servicio de an\u00e1lisis de datos de clase mundial como Google Analytics, combinado con una serie de t\u00e9cnicas para mejorar la experiencia de usuario. De este modo sabr\u00e1s que p\u00e1ginas son las m\u00e1s <\/p>\n\n\n\n<h3 class=\"has-medium-font-size wp-block-heading\">Buyer Persona<\/h3>\n\n\n\n<p>A trav\u00e9s de un estudio en profundidad debemos concluir cu\u00e1l es el perfil de nuestra persona ideal. Hay que intentar acotar lo mejor posible a que publico nos queremos dirigir. <\/p>\n\n\n\n<h3 class=\"has-medium-font-size wp-block-heading\">Inbound Marketing<\/h3>\n\n\n\n<p>Es conjunto de t\u00e9cnicas de marketing y de publicidad, combinadas, que tienen como finalidad el contactar con el usuario en las primeras fases del proceso de compra y a partir de ah\u00ed, acompa\u00f1arlo durante todo el proceso de una forma no intrusiva. Siempre de una forma amigable que tiene como objetivo final fidelizarlo como cliente.<\/p>\n\n\n\n<h3 class=\"has-medium-font-size wp-block-heading\">Marketing de Contenidos<\/h3>\n\n\n\n<p>Es una estrategia de Marketing dirigida a captar clientes potenciales de un forma natura, a trav\u00e9s de contenidos relevantes y de calidad y su distribuci\u00f3n por medios digitales, como P\u00e1ginas Webs, Blogs, Redes Sociales, Videos, Audios, etc.<\/p>\n\n\n\n<h3 class=\"has-medium-font-size wp-block-heading\">Redes Sociales<\/h3>\n\n\n\n<p>La redes sociales son otra forma m\u00e1s de atraer usuarios a nuestro Proyecto Empresarial con difusi\u00f3n y creaci\u00f3n de contenidos. Adem\u00e1s nos ayuda a crear una marca reconocida y a tener una comunidad con la que compartimos conocimientos y sugerencias.<\/p>\n\n\n\n<h3 class=\"has-medium-font-size wp-block-heading\">SEO<\/h3>\n\n\n\n<p>Son todas las t\u00e9cnicas y estrategias que tienen como objetivo el cumplir con las directrices de los buscadores como Google. De esta forma, podemos aparecer en los puestos m\u00e1s altos de la pagina de resultados de estos y as\u00ed conseguir mayor visibilidad y muchas m\u00e1s visitas.<\/p>\n\n\n\n<h3 class=\"has-medium-font-size wp-block-heading\">Publicidad en Buscadores y Redes Sociales<\/h3>\n\n\n\n<p>Tiene como \u00fanico objetivo el llegar al usuario de una forma directa e inmediata. Es el conjunto de t\u00e9cnicas de pago para conseguir visibilidad y conversiones directas. Adem\u00e1s nos ayuda a aumentar las visitas a nuestra web o redes sociales.<\/p>\n\n\n\n<div style=\"height:100px\" aria-hidden=\"true\" class=\"wp-block-spacer\"><\/div>\n\n\n\n<div class=\"wp-block-image\"><figure class=\"aligncenter size-large\"><img loading=\"lazy\" decoding=\"async\" width=\"1024\" height=\"641\" src=\"https:\/\/trezemarketing.com\/wp-content\/uploads\/2021\/02\/estrategia-marketing-1280x801-1-1024x641.jpg\" alt=\"\" class=\"wp-image-2076\" srcset=\"https:\/\/trezemarketing.com\/wp-content\/uploads\/2021\/02\/estrategia-marketing-1280x801-1-1024x641.jpg 1024w, https:\/\/trezemarketing.com\/wp-content\/uploads\/2021\/02\/estrategia-marketing-1280x801-1-300x188.jpg 300w, https:\/\/trezemarketing.com\/wp-content\/uploads\/2021\/02\/estrategia-marketing-1280x801-1-768x481.jpg 768w, https:\/\/trezemarketing.com\/wp-content\/uploads\/2021\/02\/estrategia-marketing-1280x801-1.jpg 1280w\" sizes=\"auto, (max-width: 1024px) 100vw, 1024px\" \/><\/figure><\/div>\n\n\n\n<div style=\"height:100px\" aria-hidden=\"true\" class=\"wp-block-spacer\"><\/div>\n\n\n\n<h2 class=\"wp-block-heading\">Marketing Digital, reserva una Consultor\u00eda Online <\/h2>\n\n\n\n<p>Si estas interesado en conocer m\u00e1s sobre el Marketing Digital y quieres compartir tu proyecto web con nosotros te ofrecemos una Consultor\u00eda Online GRATIS de 30 minutos de duraci\u00f3n, la puedes solicitar en el siguiente enlace:<\/p>\n\n\n\n<div style=\"background-color:#000000;text-align:center\" class=\"wp-block-genesis-blocks-gb-cta gb-block-cta aligncenter\"><div class=\"gb-cta-image-wrap\"><img decoding=\"async\" class=\"gb-cta-image has-background-dim\" src=\"https:\/\/trezemarketing.com\/wp-content\/uploads\/2021\/02\/prueba-call-to-action-1280x801-1.jpg\" alt=\"\"\/><\/div><div class=\"gb-cta-content\"><h2 class=\"gb-cta-title gb-font-size-32\" style=\"color:#ffffff\">Solicita una Consultor\u00eda Online GRATIS para conocer mejor tu proyecto<\/h2><div class=\"gb-cta-text gb-font-size-32\" style=\"color:#ffffff\"><p>Consultor\u00eda Online de 30 minutos de duraci\u00f3n. Valorada en 90 \u20ac<\/p><\/div><\/div><div class=\"gb-cta-button\"><a href=\"https:\/consultoria-online\" target=\"_blank\" rel=\"noopener noreferrer\" class=\"gb-button gb-button-shape-circular gb-button-size-extralarge\" style=\"color:#ffffff;background-color:#fb1f56\">Consultor\u00eda Online<\/a><\/div><\/div>\n","protected":false},"excerpt":{"rendered":"<p>\u00abUn Plan de Marketing es un documento que recoge los Objetivos y la forma de conseguirlos\u00bb<\/p>\n","protected":false},"author":3,"featured_media":2044,"parent":0,"menu_order":0,"comment_status":"closed","ping_status":"closed","template":"","meta":{"_exactmetrics_skip_tracking":false,"_exactmetrics_sitenote_active":false,"_exactmetrics_sitenote_note":"","_exactmetrics_sitenote_category":0,"_genesis_hide_title":false,"_genesis_hide_breadcrumbs":false,"_genesis_hide_singular_image":false,"_genesis_hide_footer_widgets":false,"_genesis_custom_body_class":"","_genesis_custom_post_class":"","_genesis_layout":"","_joinchat":[],"footnotes":""},"class_list":{"0":"post-1285","1":"page","2":"type-page","3":"status-publish","4":"has-post-thumbnail","6":"entry"},"yoast_head":"<!-- This site is optimized with the Yoast SEO plugin v27.2 - https:\/\/yoast.com\/product\/yoast-seo-wordpress\/ -->\n<title>Marketing Digital - \u00a1Desarrollamos las mejores estrategias de Marketing!<\/title>\n<meta name=\"description\" content=\"Un Plan de Marketing Digital es la \u00fanica forma de comenzar con un proyecto digital. Es la mejor forma de conseguir los objetivos.\" \/>\n<meta name=\"robots\" content=\"index, follow, max-snippet:-1, max-image-preview:large, max-video-preview:-1\" \/>\n<link rel=\"canonical\" href=\"https:\/marketing-digital\" \/>\n<meta property=\"og:locale\" content=\"es_ES\" \/>\n<meta property=\"og:type\" content=\"article\" \/>\n<meta property=\"og:title\" content=\"Marketing Digital - \u00a1Desarrollamos las mejores estrategias de Marketing!\" \/>\n<meta property=\"og:description\" content=\"Un Plan de Marketing Digital es la \u00fanica forma de comenzar con un proyecto digital. Es la mejor forma de conseguir los objetivos.\" \/>\n<meta property=\"og:url\" content=\"https:\/marketing-digital\" \/>\n<meta property=\"og:site_name\" content=\"TrezeMarketing.com\" \/>\n<meta property=\"article:publisher\" content=\"https:\/\/www.facebook.com\/TrezeMarketing13\" \/>\n<meta property=\"article:modified_time\" content=\"2021-02-26T08:37:59+00:00\" \/>\n<meta property=\"og:image\" content=\"https:\/\/trezemarketing.com\/wp-content\/uploads\/2021\/02\/analisis-objetivos-estrategia-accion-1280x801-1.jpg\" \/>\n\t<meta property=\"og:image:width\" content=\"1280\" \/>\n\t<meta property=\"og:image:height\" content=\"801\" \/>\n\t<meta property=\"og:image:type\" content=\"image\/jpeg\" \/>\n<meta name=\"twitter:card\" content=\"summary_large_image\" \/>\n<meta name=\"twitter:site\" content=\"@TrezeMarketing\" \/>\n<meta name=\"twitter:label1\" content=\"Tiempo de lectura\" \/>\n\t<meta name=\"twitter:data1\" content=\"5 minutos\" \/>\n<script type=\"application\/ld+json\" class=\"yoast-schema-graph\">{\"@context\":\"https:\/\/schema.org\",\"@graph\":[{\"@type\":[\"WebPage\",\"QAPage\"],\"@id\":\"https:\/\/trezemarketing.com\/?page_id=1285\",\"url\":\"https:\/marketing-digital\",\"name\":\"Marketing Digital - \u00a1Desarrollamos las mejores estrategias de Marketing!\",\"isPartOf\":{\"@id\":\"https:\/\/trezemarketing.com\/#website\"},\"primaryImageOfPage\":{\"@id\":\"https:\/marketing-digital#primaryimage\"},\"image\":{\"@id\":\"https:\/marketing-digital#primaryimage\"},\"thumbnailUrl\":\"https:\/\/trezemarketing.com\/wp-content\/uploads\/2021\/02\/analisis-objetivos-estrategia-accion-1280x801-1.jpg\",\"datePublished\":\"2017-08-14T11:20:48+00:00\",\"dateModified\":\"2021-02-26T08:37:59+00:00\",\"description\":\"Un Plan de Marketing Digital es la \u00fanica forma de comenzar con un proyecto digital. Es la mejor forma de conseguir los objetivos.\",\"breadcrumb\":{\"@id\":\"https:\/marketing-digital#breadcrumb\"},\"inLanguage\":\"es\",\"potentialAction\":[{\"@type\":\"ReadAction\",\"target\":[\"https:\/marketing-digital\"]}]},{\"@type\":\"ImageObject\",\"inLanguage\":\"es\",\"@id\":\"https:\/marketing-digital#primaryimage\",\"url\":\"https:\/\/trezemarketing.com\/wp-content\/uploads\/2021\/02\/analisis-objetivos-estrategia-accion-1280x801-1.jpg\",\"contentUrl\":\"https:\/\/trezemarketing.com\/wp-content\/uploads\/2021\/02\/analisis-objetivos-estrategia-accion-1280x801-1.jpg\",\"width\":1280,\"height\":801,\"caption\":\"Marketing Digital\"},{\"@type\":\"BreadcrumbList\",\"@id\":\"https:\/marketing-digital#breadcrumb\",\"itemListElement\":[{\"@type\":\"ListItem\",\"position\":1,\"name\":\"Portada\",\"item\":\"https:\/\/trezemarketing.com\/\"},{\"@type\":\"ListItem\",\"position\":2,\"name\":\"Marketing Digital\"}]},{\"@type\":\"WebSite\",\"@id\":\"https:\/\/trezemarketing.com\/#website\",\"url\":\"https:\/\/trezemarketing.com\/\",\"name\":\"TrezeMarketing.com\",\"description\":\"Agencia de Marketing\",\"publisher\":{\"@id\":\"https:\/\/trezemarketing.com\/#organization\"},\"potentialAction\":[{\"@type\":\"SearchAction\",\"target\":{\"@type\":\"EntryPoint\",\"urlTemplate\":\"https:\/\/trezemarketing.com\/?s={search_term_string}\"},\"query-input\":{\"@type\":\"PropertyValueSpecification\",\"valueRequired\":true,\"valueName\":\"search_term_string\"}}],\"inLanguage\":\"es\"},{\"@type\":\"Organization\",\"@id\":\"https:\/\/trezemarketing.com\/#organization\",\"name\":\"TrezeMarketing\",\"url\":\"https:\/\/trezemarketing.com\/\",\"logo\":{\"@type\":\"ImageObject\",\"inLanguage\":\"es\",\"@id\":\"https:\/\/trezemarketing.com\/#\/schema\/logo\/image\/\",\"url\":\"https:\/\/trezemarketing.com\/wp-content\/uploads\/2017\/12\/TrezeMarketing-logo-2.png\",\"contentUrl\":\"https:\/\/trezemarketing.com\/wp-content\/uploads\/2017\/12\/TrezeMarketing-logo-2.png\",\"width\":300,\"height\":100,\"caption\":\"TrezeMarketing\"},\"image\":{\"@id\":\"https:\/\/trezemarketing.com\/#\/schema\/logo\/image\/\"},\"sameAs\":[\"https:\/\/www.facebook.com\/TrezeMarketing13\",\"https:\/\/x.com\/TrezeMarketing\",\"https:\/\/www.instagram.com\/trezemarketing\/\",\"https:\/\/www.linkedin.com\/company\/trezemarketing\/\"]}]}<\/script>\n<!-- \/ Yoast SEO plugin. -->","yoast_head_json":{"title":"Marketing Digital - \u00a1Desarrollamos las mejores estrategias de Marketing!","description":"Un Plan de Marketing Digital es la \u00fanica forma de comenzar con un proyecto digital. Es la mejor forma de conseguir los objetivos.","robots":{"index":"index","follow":"follow","max-snippet":"max-snippet:-1","max-image-preview":"max-image-preview:large","max-video-preview":"max-video-preview:-1"},"canonical":"https:\/marketing-digital","og_locale":"es_ES","og_type":"article","og_title":"Marketing Digital - \u00a1Desarrollamos las mejores estrategias de Marketing!","og_description":"Un Plan de Marketing Digital es la \u00fanica forma de comenzar con un proyecto digital. Es la mejor forma de conseguir los objetivos.","og_url":"https:\/marketing-digital","og_site_name":"TrezeMarketing.com","article_publisher":"https:\/\/www.facebook.com\/TrezeMarketing13","article_modified_time":"2021-02-26T08:37:59+00:00","og_image":[{"width":1280,"height":801,"url":"https:\/\/trezemarketing.com\/wp-content\/uploads\/2021\/02\/analisis-objetivos-estrategia-accion-1280x801-1.jpg","type":"image\/jpeg"}],"twitter_card":"summary_large_image","twitter_site":"@TrezeMarketing","twitter_misc":{"Tiempo de lectura":"5 minutos"},"schema":{"@context":"https:\/\/schema.org","@graph":[{"@type":["WebPage","QAPage"],"@id":"https:\/\/trezemarketing.com\/?page_id=1285","url":"https:\/marketing-digital","name":"Marketing Digital - \u00a1Desarrollamos las mejores estrategias de Marketing!","isPartOf":{"@id":"https:\/\/trezemarketing.com\/#website"},"primaryImageOfPage":{"@id":"https:\/marketing-digital#primaryimage"},"image":{"@id":"https:\/marketing-digital#primaryimage"},"thumbnailUrl":"https:\/\/trezemarketing.com\/wp-content\/uploads\/2021\/02\/analisis-objetivos-estrategia-accion-1280x801-1.jpg","datePublished":"2017-08-14T11:20:48+00:00","dateModified":"2021-02-26T08:37:59+00:00","description":"Un Plan de Marketing Digital es la \u00fanica forma de comenzar con un proyecto digital. Es la mejor forma de conseguir los objetivos.","breadcrumb":{"@id":"https:\/marketing-digital#breadcrumb"},"inLanguage":"es","potentialAction":[{"@type":"ReadAction","target":["https:\/marketing-digital"]}]},{"@type":"ImageObject","inLanguage":"es","@id":"https:\/marketing-digital#primaryimage","url":"https:\/\/trezemarketing.com\/wp-content\/uploads\/2021\/02\/analisis-objetivos-estrategia-accion-1280x801-1.jpg","contentUrl":"https:\/\/trezemarketing.com\/wp-content\/uploads\/2021\/02\/analisis-objetivos-estrategia-accion-1280x801-1.jpg","width":1280,"height":801,"caption":"Marketing Digital"},{"@type":"BreadcrumbList","@id":"https:\/marketing-digital#breadcrumb","itemListElement":[{"@type":"ListItem","position":1,"name":"Portada","item":"https:\/\/trezemarketing.com\/"},{"@type":"ListItem","position":2,"name":"Marketing Digital"}]},{"@type":"WebSite","@id":"https:\/\/trezemarketing.com\/#website","url":"https:\/\/trezemarketing.com\/","name":"TrezeMarketing.com","description":"Agencia de Marketing","publisher":{"@id":"https:\/\/trezemarketing.com\/#organization"},"potentialAction":[{"@type":"SearchAction","target":{"@type":"EntryPoint","urlTemplate":"https:\/\/trezemarketing.com\/?s={search_term_string}"},"query-input":{"@type":"PropertyValueSpecification","valueRequired":true,"valueName":"search_term_string"}}],"inLanguage":"es"},{"@type":"Organization","@id":"https:\/\/trezemarketing.com\/#organization","name":"TrezeMarketing","url":"https:\/\/trezemarketing.com\/","logo":{"@type":"ImageObject","inLanguage":"es","@id":"https:\/\/trezemarketing.com\/#\/schema\/logo\/image\/","url":"https:\/\/trezemarketing.com\/wp-content\/uploads\/2017\/12\/TrezeMarketing-logo-2.png","contentUrl":"https:\/\/trezemarketing.com\/wp-content\/uploads\/2017\/12\/TrezeMarketing-logo-2.png","width":300,"height":100,"caption":"TrezeMarketing"},"image":{"@id":"https:\/\/trezemarketing.com\/#\/schema\/logo\/image\/"},"sameAs":["https:\/\/www.facebook.com\/TrezeMarketing13","https:\/\/x.com\/TrezeMarketing","https:\/\/www.instagram.com\/trezemarketing\/","https:\/\/www.linkedin.com\/company\/trezemarketing\/"]}]}},"featured_image_src":"https:\/\/trezemarketing.com\/wp-content\/uploads\/2021\/02\/analisis-objetivos-estrategia-accion-1280x801-1.jpg","featured_image_src_square":"https:\/\/trezemarketing.com\/wp-content\/uploads\/2021\/02\/analisis-objetivos-estrategia-accion-1280x801-1.jpg","_links":{"self":[{"href":"https:\/\/trezemarketing.com\/index.php?rest_route=\/wp\/v2\/pages\/1285","targetHints":{"allow":["GET"]}}],"collection":[{"href":"https:\/\/trezemarketing.com\/index.php?rest_route=\/wp\/v2\/pages"}],"about":[{"href":"https:\/\/trezemarketing.com\/index.php?rest_route=\/wp\/v2\/types\/page"}],"author":[{"embeddable":true,"href":"https:\/\/trezemarketing.com\/index.php?rest_route=\/wp\/v2\/users\/3"}],"replies":[{"embeddable":true,"href":"https:\/\/trezemarketing.com\/index.php?rest_route=%2Fwp%2Fv2%2Fcomments&post=1285"}],"version-history":[{"count":39,"href":"https:\/\/trezemarketing.com\/index.php?rest_route=\/wp\/v2\/pages\/1285\/revisions"}],"predecessor-version":[{"id":2114,"href":"https:\/\/trezemarketing.com\/index.php?rest_route=\/wp\/v2\/pages\/1285\/revisions\/2114"}],"wp:featuredmedia":[{"embeddable":true,"href":"https:\/\/trezemarketing.com\/index.php?rest_route=\/wp\/v2\/media\/2044"}],"wp:attachment":[{"href":"https:\/\/trezemarketing.com\/index.php?rest_route=%2Fwp%2Fv2%2Fmedia&parent=1285"}],"curies":[{"name":"wp","href":"https:\/\/api.w.org\/{rel}","templated":true}]}}