{"id":1458,"date":"2017-12-05T16:55:59","date_gmt":"2017-12-05T16:55:59","guid":{"rendered":"https:\/?page_id=1458"},"modified":"2021-02-26T08:44:44","modified_gmt":"2021-02-26T08:44:44","slug":"redes-sociales","status":"publish","type":"page","link":"https:\/\/trezemarketing.com\/?page_id=1458","title":{"rendered":"Redes Sociales"},"content":{"rendered":"\n<h2 class=\"wp-block-heading\">Redes Sociales<\/h2>\n\n\n\n<p>Las redes sociales son el mejor medio para promocionar tu empresa hoy d\u00eda. Sabemos lo importante que es esto para nuestros clientes y por ello disponemos de personas expertas en este \u00e1rea en nuestro equipo. A trav\u00e9s de las redes sociales como Facebook, Twitter, Instagram o Linkedin puedes llegar a un mayor p\u00fablico para promocionar tu negocio. <\/p>\n\n\n\n<p>Estas plataformas te ayudar\u00e1n a alcanzar a esas personas que realmente est\u00e9n interesadas en tu empresa. Te ayudaremos a gestionar tus redes y a crear contenidos que transmitan lo que tu marca representa. De este modo tu empresa tendr\u00e1 una mayor visibilidad para tus clientes potenciales.<\/p>\n\n\n\n<div style=\"height:100px\" aria-hidden=\"true\" class=\"wp-block-spacer\"><\/div>\n\n\n\n<div class=\"wp-block-image\"><figure class=\"aligncenter size-large\"><img loading=\"lazy\" decoding=\"async\" width=\"1024\" height=\"641\" src=\"https:\/\/trezemarketing.com\/wp-content\/uploads\/2021\/02\/redes-sociales-elegir-1280x801-2-1024x641.jpg\" alt=\"\" class=\"wp-image-2118\" srcset=\"https:\/\/trezemarketing.com\/wp-content\/uploads\/2021\/02\/redes-sociales-elegir-1280x801-2-1024x641.jpg 1024w, https:\/\/trezemarketing.com\/wp-content\/uploads\/2021\/02\/redes-sociales-elegir-1280x801-2-300x188.jpg 300w, https:\/\/trezemarketing.com\/wp-content\/uploads\/2021\/02\/redes-sociales-elegir-1280x801-2-768x481.jpg 768w, https:\/\/trezemarketing.com\/wp-content\/uploads\/2021\/02\/redes-sociales-elegir-1280x801-2.jpg 1280w\" sizes=\"auto, (max-width: 1024px) 100vw, 1024px\" \/><\/figure><\/div>\n\n\n\n<p class=\"has-text-align-center has-large-font-size\">\u00bfC\u00f3mo te podemos ayudar?<\/p>\n\n\n\n<div class=\"wp-block-buttons aligncenter is-layout-flex wp-block-buttons-is-layout-flex\">\n<div class=\"wp-block-button\"><a class=\"wp-block-button__link has-background\" href=\"https:\/contacto-solicitud-de-informacion\" style=\"border-radius:15px;background-color:#fb1f56\" target=\"_blank\" rel=\"noreferrer noopener\">M\u00e1s Informaci\u00f3n <\/a><\/div>\n\n\n\n<div class=\"wp-block-button\"><a class=\"wp-block-button__link has-background\" href=\"https:\/presupuesto\" style=\"border-radius:15px;background-color:#fb1f56\" target=\"_blank\" rel=\"noreferrer noopener\">Solicitar Presupuesto<\/a><\/div>\n\n\n\n<div class=\"wp-block-button\"><a class=\"wp-block-button__link has-background\" href=\"https:\/consultoria-online\" style=\"border-radius:15px;background-color:#fb1f56\" target=\"_blank\" rel=\"noreferrer noopener\">Consultor\u00eda Online<\/a><\/div>\n<\/div>\n\n\n\n<div style=\"height:100px\" aria-hidden=\"true\" class=\"wp-block-spacer\"><\/div>\n\n\n\n<h2 class=\"wp-block-heading\">Publicidad en las redes sociales<\/h2>\n\n\n\n<p>Creamos campa\u00f1as publicitarias a trav\u00e9s de las redes sociales para que puedas llegar a ese p\u00fablico objetivo que realmente pueda estar interesado en tu negocio. <\/p>\n\n\n\n<p>Segmentamos a este publico analizando tu negocio y viendo a que personas te interesa llegar exactamente. As\u00ed mismo gracias a las estrategias de publicidad podemos dirigir a este p\u00fablico a tu web. <\/p>\n\n\n\n<p>De este modo tu web recibir\u00e1 un tr\u00e1fico realmente interesado en tu empresa. Nos encargamos de crear anuncios en Facebook, Twitter, Instagram o Linkedin optimizados econ\u00f3micamente para as\u00ed aumentar la visibilidad de tu empresa y aumentar las conversiones.<\/p>\n\n\n\n<div style=\"height:100px\" aria-hidden=\"true\" class=\"wp-block-spacer\"><\/div>\n\n\n\n<div class=\"wp-block-image\"><figure class=\"aligncenter size-large\"><img loading=\"lazy\" decoding=\"async\" width=\"1024\" height=\"641\" src=\"https:\/\/trezemarketing.com\/wp-content\/uploads\/2021\/02\/optimiza-publicidad-rrss-1280x801-1-1024x641.jpg\" alt=\"\" class=\"wp-image-2088\" srcset=\"https:\/\/trezemarketing.com\/wp-content\/uploads\/2021\/02\/optimiza-publicidad-rrss-1280x801-1-1024x641.jpg 1024w, https:\/\/trezemarketing.com\/wp-content\/uploads\/2021\/02\/optimiza-publicidad-rrss-1280x801-1-300x188.jpg 300w, https:\/\/trezemarketing.com\/wp-content\/uploads\/2021\/02\/optimiza-publicidad-rrss-1280x801-1-768x481.jpg 768w, https:\/\/trezemarketing.com\/wp-content\/uploads\/2021\/02\/optimiza-publicidad-rrss-1280x801-1.jpg 1280w\" sizes=\"auto, (max-width: 1024px) 100vw, 1024px\" \/><\/figure><\/div>\n\n\n\n<p class=\"has-text-align-center has-large-font-size\">\u00bfC\u00f3mo te podemos ayudar?<\/p>\n\n\n\n<div class=\"wp-block-buttons aligncenter is-layout-flex wp-block-buttons-is-layout-flex\">\n<div class=\"wp-block-button\"><a class=\"wp-block-button__link has-background\" href=\"https:\/contacto-solicitud-de-informacion\" style=\"border-radius:15px;background-color:#fb1f56\" target=\"_blank\" rel=\"noreferrer noopener\">M\u00e1s Informaci\u00f3n <\/a><\/div>\n\n\n\n<div class=\"wp-block-button\"><a class=\"wp-block-button__link has-background\" href=\"https:\/presupuesto\" style=\"border-radius:15px;background-color:#fb1f56\" target=\"_blank\" rel=\"noreferrer noopener\">Solicitar Presupuesto<\/a><\/div>\n\n\n\n<div class=\"wp-block-button\"><a class=\"wp-block-button__link has-background\" href=\"https:\/consultoria-online\" style=\"border-radius:15px;background-color:#fb1f56\" target=\"_blank\" rel=\"noreferrer noopener\">Consultor\u00eda Online<\/a><\/div>\n<\/div>\n\n\n\n<div style=\"height:100px\" aria-hidden=\"true\" class=\"wp-block-spacer\"><\/div>\n\n\n\n<div style=\"height:100px\" aria-hidden=\"true\" class=\"wp-block-spacer\"><\/div>\n","protected":false},"excerpt":{"rendered":"<p>Redes Sociales Las redes sociales son el mejor medio para promocionar tu empresa hoy d\u00eda. Sabemos lo importante que es esto para nuestros clientes y por ello disponemos de personas expertas en este \u00e1rea en nuestro equipo. A trav\u00e9s de las redes sociales como Facebook, Twitter, Instagram o Linkedin puedes llegar a un mayor p\u00fablico [&hellip;]<\/p>\n","protected":false},"author":1,"featured_media":2118,"parent":0,"menu_order":0,"comment_status":"closed","ping_status":"closed","template":"","meta":{"_exactmetrics_skip_tracking":false,"_exactmetrics_sitenote_active":false,"_exactmetrics_sitenote_note":"","_exactmetrics_sitenote_category":0,"_genesis_hide_title":false,"_genesis_hide_breadcrumbs":false,"_genesis_hide_singular_image":false,"_genesis_hide_footer_widgets":false,"_genesis_custom_body_class":"","_genesis_custom_post_class":"","_genesis_layout":"","_joinchat":[],"footnotes":""},"class_list":{"0":"post-1458","1":"page","2":"type-page","3":"status-publish","4":"has-post-thumbnail","6":"entry"},"yoast_head":"<!-- This site is optimized with the Yoast SEO plugin v27.2 - https:\/\/yoast.com\/product\/yoast-seo-wordpress\/ -->\n<title>Redes Sociales - \u00a1Gestionamos las Redes Sociales de tu empresa!<\/title>\n<meta name=\"description\" content=\"En Treze Marketing nos encargamos de gestionar las redes sociales de tu empresa. Nos encargaremos de publicar contenidos para captar a tu publico objetivo.Y adem\u00e1s, llevar\u00e9mos ese tr\u00e1fico a tu sitio web.\" \/>\n<meta name=\"robots\" content=\"index, follow, max-snippet:-1, max-image-preview:large, max-video-preview:-1\" \/>\n<link rel=\"canonical\" href=\"https:\/\/trezemarketing.com\/?page_id=1458\" \/>\n<meta property=\"og:locale\" content=\"es_ES\" \/>\n<meta property=\"og:type\" content=\"article\" \/>\n<meta property=\"og:title\" content=\"Redes Sociales - \u00a1Gestionamos las Redes Sociales de tu empresa!\" \/>\n<meta property=\"og:description\" content=\"En Treze Marketing nos encargamos de gestionar las redes sociales de tu empresa. Nos encargaremos de publicar contenidos para captar a tu publico objetivo.Y adem\u00e1s, llevar\u00e9mos ese tr\u00e1fico a tu sitio web.\" \/>\n<meta property=\"og:url\" content=\"https:\/\/trezemarketing.com\/?page_id=1458\" \/>\n<meta property=\"og:site_name\" content=\"TrezeMarketing.com\" \/>\n<meta property=\"article:publisher\" content=\"https:\/\/www.facebook.com\/TrezeMarketing13\" \/>\n<meta property=\"article:modified_time\" content=\"2021-02-26T08:44:44+00:00\" \/>\n<meta property=\"og:image\" content=\"https:\/\/trezemarketing.com\/wp-content\/uploads\/2021\/02\/redes-sociales-elegir-1280x801-2.jpg\" \/>\n\t<meta property=\"og:image:width\" content=\"1280\" \/>\n\t<meta property=\"og:image:height\" content=\"801\" \/>\n\t<meta property=\"og:image:type\" content=\"image\/jpeg\" \/>\n<meta name=\"twitter:card\" content=\"summary_large_image\" \/>\n<meta name=\"twitter:site\" content=\"@TrezeMarketing\" \/>\n<meta name=\"twitter:label1\" content=\"Tiempo de lectura\" \/>\n\t<meta name=\"twitter:data1\" content=\"2 minutos\" \/>\n<script type=\"application\/ld+json\" class=\"yoast-schema-graph\">{\"@context\":\"https:\/\/schema.org\",\"@graph\":[{\"@type\":\"WebPage\",\"@id\":\"https:\/\/trezemarketing.com\/?page_id=1458\",\"url\":\"https:\/\/trezemarketing.com\/?page_id=1458\",\"name\":\"Redes Sociales - \u00a1Gestionamos las Redes Sociales de tu empresa!\",\"isPartOf\":{\"@id\":\"https:\/\/trezemarketing.com\/#website\"},\"primaryImageOfPage\":{\"@id\":\"https:\/\/trezemarketing.com\/?page_id=1458#primaryimage\"},\"image\":{\"@id\":\"https:\/\/trezemarketing.com\/?page_id=1458#primaryimage\"},\"thumbnailUrl\":\"https:\/\/trezemarketing.com\/wp-content\/uploads\/2021\/02\/redes-sociales-elegir-1280x801-2.jpg\",\"datePublished\":\"2017-12-05T16:55:59+00:00\",\"dateModified\":\"2021-02-26T08:44:44+00:00\",\"description\":\"En Treze Marketing nos encargamos de gestionar las redes sociales de tu empresa. Nos encargaremos de publicar contenidos para captar a tu publico objetivo.Y adem\u00e1s, llevar\u00e9mos ese tr\u00e1fico a tu sitio web.\",\"breadcrumb\":{\"@id\":\"https:\/\/trezemarketing.com\/?page_id=1458#breadcrumb\"},\"inLanguage\":\"es\",\"potentialAction\":[{\"@type\":\"ReadAction\",\"target\":[\"https:\/\/trezemarketing.com\/?page_id=1458\"]}]},{\"@type\":\"ImageObject\",\"inLanguage\":\"es\",\"@id\":\"https:\/\/trezemarketing.com\/?page_id=1458#primaryimage\",\"url\":\"https:\/\/trezemarketing.com\/wp-content\/uploads\/2021\/02\/redes-sociales-elegir-1280x801-2.jpg\",\"contentUrl\":\"https:\/\/trezemarketing.com\/wp-content\/uploads\/2021\/02\/redes-sociales-elegir-1280x801-2.jpg\",\"width\":1280,\"height\":801},{\"@type\":\"BreadcrumbList\",\"@id\":\"https:\/\/trezemarketing.com\/?page_id=1458#breadcrumb\",\"itemListElement\":[{\"@type\":\"ListItem\",\"position\":1,\"name\":\"Portada\",\"item\":\"https:\/\/trezemarketing.com\/\"},{\"@type\":\"ListItem\",\"position\":2,\"name\":\"Redes Sociales\"}]},{\"@type\":\"WebSite\",\"@id\":\"https:\/\/trezemarketing.com\/#website\",\"url\":\"https:\/\/trezemarketing.com\/\",\"name\":\"TrezeMarketing.com\",\"description\":\"Agencia de Marketing\",\"publisher\":{\"@id\":\"https:\/\/trezemarketing.com\/#organization\"},\"potentialAction\":[{\"@type\":\"SearchAction\",\"target\":{\"@type\":\"EntryPoint\",\"urlTemplate\":\"https:\/\/trezemarketing.com\/?s={search_term_string}\"},\"query-input\":{\"@type\":\"PropertyValueSpecification\",\"valueRequired\":true,\"valueName\":\"search_term_string\"}}],\"inLanguage\":\"es\"},{\"@type\":\"Organization\",\"@id\":\"https:\/\/trezemarketing.com\/#organization\",\"name\":\"TrezeMarketing\",\"url\":\"https:\/\/trezemarketing.com\/\",\"logo\":{\"@type\":\"ImageObject\",\"inLanguage\":\"es\",\"@id\":\"https:\/\/trezemarketing.com\/#\/schema\/logo\/image\/\",\"url\":\"https:\/\/trezemarketing.com\/wp-content\/uploads\/2017\/12\/TrezeMarketing-logo-2.png\",\"contentUrl\":\"https:\/\/trezemarketing.com\/wp-content\/uploads\/2017\/12\/TrezeMarketing-logo-2.png\",\"width\":300,\"height\":100,\"caption\":\"TrezeMarketing\"},\"image\":{\"@id\":\"https:\/\/trezemarketing.com\/#\/schema\/logo\/image\/\"},\"sameAs\":[\"https:\/\/www.facebook.com\/TrezeMarketing13\",\"https:\/\/x.com\/TrezeMarketing\",\"https:\/\/www.instagram.com\/trezemarketing\/\",\"https:\/\/www.linkedin.com\/company\/trezemarketing\/\"]}]}<\/script>\n<!-- \/ Yoast SEO plugin. -->","yoast_head_json":{"title":"Redes Sociales - \u00a1Gestionamos las Redes Sociales de tu empresa!","description":"En Treze Marketing nos encargamos de gestionar las redes sociales de tu empresa. Nos encargaremos de publicar contenidos para captar a tu publico objetivo.Y adem\u00e1s, llevar\u00e9mos ese tr\u00e1fico a tu sitio web.","robots":{"index":"index","follow":"follow","max-snippet":"max-snippet:-1","max-image-preview":"max-image-preview:large","max-video-preview":"max-video-preview:-1"},"canonical":"https:\/\/trezemarketing.com\/?page_id=1458","og_locale":"es_ES","og_type":"article","og_title":"Redes Sociales - \u00a1Gestionamos las Redes Sociales de tu empresa!","og_description":"En Treze Marketing nos encargamos de gestionar las redes sociales de tu empresa. Nos encargaremos de publicar contenidos para captar a tu publico objetivo.Y adem\u00e1s, llevar\u00e9mos ese tr\u00e1fico a tu sitio web.","og_url":"https:\/\/trezemarketing.com\/?page_id=1458","og_site_name":"TrezeMarketing.com","article_publisher":"https:\/\/www.facebook.com\/TrezeMarketing13","article_modified_time":"2021-02-26T08:44:44+00:00","og_image":[{"width":1280,"height":801,"url":"https:\/\/trezemarketing.com\/wp-content\/uploads\/2021\/02\/redes-sociales-elegir-1280x801-2.jpg","type":"image\/jpeg"}],"twitter_card":"summary_large_image","twitter_site":"@TrezeMarketing","twitter_misc":{"Tiempo de lectura":"2 minutos"},"schema":{"@context":"https:\/\/schema.org","@graph":[{"@type":"WebPage","@id":"https:\/\/trezemarketing.com\/?page_id=1458","url":"https:\/\/trezemarketing.com\/?page_id=1458","name":"Redes Sociales - \u00a1Gestionamos las Redes Sociales de tu empresa!","isPartOf":{"@id":"https:\/\/trezemarketing.com\/#website"},"primaryImageOfPage":{"@id":"https:\/\/trezemarketing.com\/?page_id=1458#primaryimage"},"image":{"@id":"https:\/\/trezemarketing.com\/?page_id=1458#primaryimage"},"thumbnailUrl":"https:\/\/trezemarketing.com\/wp-content\/uploads\/2021\/02\/redes-sociales-elegir-1280x801-2.jpg","datePublished":"2017-12-05T16:55:59+00:00","dateModified":"2021-02-26T08:44:44+00:00","description":"En Treze Marketing nos encargamos de gestionar las redes sociales de tu empresa. Nos encargaremos de publicar contenidos para captar a tu publico objetivo.Y adem\u00e1s, llevar\u00e9mos ese tr\u00e1fico a tu sitio web.","breadcrumb":{"@id":"https:\/\/trezemarketing.com\/?page_id=1458#breadcrumb"},"inLanguage":"es","potentialAction":[{"@type":"ReadAction","target":["https:\/\/trezemarketing.com\/?page_id=1458"]}]},{"@type":"ImageObject","inLanguage":"es","@id":"https:\/\/trezemarketing.com\/?page_id=1458#primaryimage","url":"https:\/\/trezemarketing.com\/wp-content\/uploads\/2021\/02\/redes-sociales-elegir-1280x801-2.jpg","contentUrl":"https:\/\/trezemarketing.com\/wp-content\/uploads\/2021\/02\/redes-sociales-elegir-1280x801-2.jpg","width":1280,"height":801},{"@type":"BreadcrumbList","@id":"https:\/\/trezemarketing.com\/?page_id=1458#breadcrumb","itemListElement":[{"@type":"ListItem","position":1,"name":"Portada","item":"https:\/\/trezemarketing.com\/"},{"@type":"ListItem","position":2,"name":"Redes Sociales"}]},{"@type":"WebSite","@id":"https:\/\/trezemarketing.com\/#website","url":"https:\/\/trezemarketing.com\/","name":"TrezeMarketing.com","description":"Agencia de Marketing","publisher":{"@id":"https:\/\/trezemarketing.com\/#organization"},"potentialAction":[{"@type":"SearchAction","target":{"@type":"EntryPoint","urlTemplate":"https:\/\/trezemarketing.com\/?s={search_term_string}"},"query-input":{"@type":"PropertyValueSpecification","valueRequired":true,"valueName":"search_term_string"}}],"inLanguage":"es"},{"@type":"Organization","@id":"https:\/\/trezemarketing.com\/#organization","name":"TrezeMarketing","url":"https:\/\/trezemarketing.com\/","logo":{"@type":"ImageObject","inLanguage":"es","@id":"https:\/\/trezemarketing.com\/#\/schema\/logo\/image\/","url":"https:\/\/trezemarketing.com\/wp-content\/uploads\/2017\/12\/TrezeMarketing-logo-2.png","contentUrl":"https:\/\/trezemarketing.com\/wp-content\/uploads\/2017\/12\/TrezeMarketing-logo-2.png","width":300,"height":100,"caption":"TrezeMarketing"},"image":{"@id":"https:\/\/trezemarketing.com\/#\/schema\/logo\/image\/"},"sameAs":["https:\/\/www.facebook.com\/TrezeMarketing13","https:\/\/x.com\/TrezeMarketing","https:\/\/www.instagram.com\/trezemarketing\/","https:\/\/www.linkedin.com\/company\/trezemarketing\/"]}]}},"featured_image_src":"https:\/\/trezemarketing.com\/wp-content\/uploads\/2021\/02\/redes-sociales-elegir-1280x801-2.jpg","featured_image_src_square":"https:\/\/trezemarketing.com\/wp-content\/uploads\/2021\/02\/redes-sociales-elegir-1280x801-2.jpg","_links":{"self":[{"href":"https:\/\/trezemarketing.com\/index.php?rest_route=\/wp\/v2\/pages\/1458","targetHints":{"allow":["GET"]}}],"collection":[{"href":"https:\/\/trezemarketing.com\/index.php?rest_route=\/wp\/v2\/pages"}],"about":[{"href":"https:\/\/trezemarketing.com\/index.php?rest_route=\/wp\/v2\/types\/page"}],"author":[{"embeddable":true,"href":"https:\/\/trezemarketing.com\/index.php?rest_route=\/wp\/v2\/users\/1"}],"replies":[{"embeddable":true,"href":"https:\/\/trezemarketing.com\/index.php?rest_route=%2Fwp%2Fv2%2Fcomments&post=1458"}],"version-history":[{"count":31,"href":"https:\/\/trezemarketing.com\/index.php?rest_route=\/wp\/v2\/pages\/1458\/revisions"}],"predecessor-version":[{"id":2125,"href":"https:\/\/trezemarketing.com\/index.php?rest_route=\/wp\/v2\/pages\/1458\/revisions\/2125"}],"wp:featuredmedia":[{"embeddable":true,"href":"https:\/\/trezemarketing.com\/index.php?rest_route=\/wp\/v2\/media\/2118"}],"wp:attachment":[{"href":"https:\/\/trezemarketing.com\/index.php?rest_route=%2Fwp%2Fv2%2Fmedia&parent=1458"}],"curies":[{"name":"wp","href":"https:\/\/api.w.org\/{rel}","templated":true}]}}