{"id":1635,"date":"2017-12-19T17:35:21","date_gmt":"2017-12-19T17:35:21","guid":{"rendered":"https:\/?page_id=1635"},"modified":"2021-02-19T11:04:29","modified_gmt":"2021-02-19T11:04:29","slug":"aviso-legal","status":"publish","type":"page","link":"https:\/\/trezemarketing.com\/?page_id=1635","title":{"rendered":"Aviso Legal"},"content":{"rendered":"\n<h2>Identificaci\u00f3n y Titularidad<\/h2>\n\n<p>\n\t\tEn cumplimiento del art\u00edculo 10 de la Ley 34\/2002, de 11 de julio, de Servicios de la Sociedad de la Informaci\u00f3n y Comercio Electr\u00f3nico, el Titular expone sus datos identificativos:\n<\/p>\n\n<p>\n\t<ul>\t\t\n\t\t<li>\n\t\t\t<b>Titular:<\/b>&nbsp;\t\t\n\t\t\tGesti\u00f3n y Desarrollo Web Treze, S.L..\n\t\t\t\n\t\t<\/li>\n\t\t\n\t\t<li>\n\t\t\t<b>NIF:<\/b>&nbsp;B-54630082\n\t\t\t\n\t\t\t<br\/>\n\t\t\tInscrita en el registro mercantil de Alicante, tomo 4111, libro X, secci\u00f3n GNE, folio 15, hoja A-130.765, inscripci\u00f3n 1.\n\t\t\t\n\t\t<\/li>\n\n\n\t\t<li>\n\t\t\t<b>Domicilio:<\/b>&nbsp;\n\t\t\t C\/Arag\u00f3n, 21, Bajo B,  Alicante - Espa\u00f1a.\n\t\t<\/li>\n\t\t\n\t\t<li>\n\t\t\t<b>Correo electr\u00f3nico:<\/b>&nbsp;\n\t\t\tinfo@\n\t\t<\/li>\n\t\t\n\t\t<li>\n\t\t\t<b>Tel\u00e9fono de contacto:<\/b>&nbsp;\n\t\t\t722893016\n\t\t<\/li>\n\n\t\t<li>\n\t\t\t<b>Sitio Web:<\/b>&nbsp;\n\t\t\t<a href=\"https:\/\/trezemarketing.com\">https:\/<\/a>\n\t\t<\/li>\n\t<\/ul>\n<\/p>\n\n<h2>Finalidad<\/h2>\n<p>\n\tLa finalidad del Sitio Web es: Dise\u00f1o Web, Asesoramiento SEO, Marketing Digital y Gestion de Redes Sociales..\t\n<\/p>\n\n\n<h2>Condiciones de Uso<\/h2>\n<p>\n\tLa utilizaci\u00f3n del Sitio Web le otorga la condici\u00f3n de Usuario, e implica la aceptaci\u00f3n completa de todas las cl\u00e1usulas y condiciones de uso incluidas en las p\u00e1ginas:\n\t<ul>\t\t\n\t\t<li><a href=\"https:\/\/trezemarketing.com\/?page_id=1635\">Aviso Legal<\/a><\/li>\n\t\t<li><a href=\"https:\/\/trezemarketing.com\/?page_id=1726\">Pol\u00edtica de Privacidad<\/a><\/li>\n\t\t<li><a href=\"https:\/\/trezemarketing.com\/?page_id=1727\">Pol\u00edtica de Cookies<\/a><\/li>\n\t<\/ul>\t\n<\/p>\n\n<p>\n\tSi no estuviera conforme con todas y cada una de estas cl\u00e1usulas y condiciones abst\u00e9ngase de utilizar el Sitio Web.\n<\/p>\n\n<p>\t\n\tEl acceso al Sitio Web no supone, en modo alguno, el inicio de una relaci\u00f3n comercial con el Titular.\n<\/p>\n\n<p>\t\n\tA trav\u00e9s del Sitio Web, el Titular le facilita el acceso y la utilizaci\u00f3n de diversos contenidos que el Titular y\/o sus colaboradores han publicado por medio de Internet.\n<\/p>\n\n<p>\n\tA tal efecto, est\u00e1 obligado y comprometido a NO utilizar cualquiera de los contenidos del Sitio Web con fines o efectos il\u00edcitos, prohibidos en este Aviso Legal o por la legislaci\u00f3n vigente, lesivos de los derechos e intereses de terceros, o que de cualquier forma puedan da\u00f1ar, inutilizar, sobrecargar, deteriorar o impedir la normal utilizaci\u00f3n de los contenidos, los equipos inform\u00e1ticos o los documentos, archivos y toda clase de contenidos almacenados en cualquier equipo inform\u00e1tico propios o contratados por el Titular, de otros usuarios o de cualquier usuario de Internet.\n<\/p>\n\n<p>\n\tEl Titular se reserva el derecho de retirar todos aquellos comentarios que vulneren la legislaci\u00f3n vigente, lesivos de los derechos o intereses de terceros, o que, a su juicio, no resulten adecuados para su publicaci\u00f3n.\n<\/p>\n<p>\n\tEl Titular no ser\u00e1 responsable de las opiniones vertidas por los usuarios a trav\u00e9s del sistema de comentarios, redes sociales u otras herramientas de participaci\u00f3n, conforme a lo previsto en la normativa de aplicaci\u00f3n.\n<\/p>\n\n\n\n\n\n<h2>Medidas de seguridad<\/h2>\n<p>\n\tLos datos personales que facilite al Titular pueden ser almacenados en bases de datos automatizadas o no, cuya titularidad corresponde en exclusiva al Titular, que asume todas las medidas de \u00edndole t\u00e9cnica, organizativa y de seguridad que garantizan la confidencialidad, integridad y calidad de la informaci\u00f3n contenida en las mismas de acuerdo con lo establecido en la normativa vigente en protecci\u00f3n de datos.\n<\/p>\n<p>\n\tNo obstante, debe ser consciente de que las medidas de seguridad de los sistemas inform\u00e1ticos en Internet no son enteramente fiables y que, por tanto el Titular no puede garantizar la inexistencia de virus u otros elementos que puedan producir alteraciones en los sistemas inform\u00e1ticos (software y hardware) del Usuario o en sus documentos electr\u00f3nicos y ficheros contenidos en los mismos aunque el Titular pone todos los medios necesarios y toma las medidas de seguridad oportunas para evitar la presencia de estos elementos da\u00f1inos.\n<\/p>\n\n\n<h2>Tratamiento de Datos Personales<\/h2>\n<p>\t\n\tPuede consultar toda la informaci\u00f3n relativa al tratamiento de datos personales que recoge el Titular en la p\u00e1gina de  <a href=\"https:\/\/trezemarketing.com\/?page_id=1726\">Pol\u00edtica de Privacidad<\/a>.\n<\/p>\n\n<h2>Contenidos<\/h2>\n<p>\n\tEl Titular ha obtenido la informaci\u00f3n, el contenido multimedia y los materiales incluidos en el Sitio Web de fuentes que considera fiables, pero, si bien ha tomado todas las medidas razonables para asegurar que la informaci\u00f3n contenida es correcta, el Titular no garantiza que sea exacta, completa o actualizada. El Titular declina expresamente cualquier responsabilidad por error u omisi\u00f3n en la informaci\u00f3n contenida en las p\u00e1ginas del Sitio Web.\n<\/p>\n\n<p>\n\tQueda prohibido transmitir o enviar a trav\u00e9s del Sitio Web cualquier contenido ilegal o il\u00edcito, virus inform\u00e1ticos, o mensajes que, en general, afecten o violen derechos del Titular o de terceros.\n<\/p>\n\n<p>\n\tLos contenidos del Sitio Web tienen \u00fanicamente una finalidad informativa y bajo ninguna circunstancia deben usarse ni considerarse como oferta de venta, solicitud de una oferta de compra ni recomendaci\u00f3n para realizar cualquier otra operaci\u00f3n, salvo que as\u00ed se indique expresamente.\n<\/p>\n\n<p>\n\tEl Titular se reserva el derecho a modificar, suspender, cancelar o restringir el contenido del Sitio Web, los v\u00ednculos o la informaci\u00f3n obtenida a trav\u00e9s del Sitio Web, sin necesidad de previo aviso.\n<\/p>\n\n<p>\n\tEl Titular\u00a0no es responsable de los da\u00f1os y perjuicios que pudieran derivarse de la utilizaci\u00f3n de la informaci\u00f3n del Sitio Web o de la contenida en las redes sociales del Titular.\n<\/p>\n\n\n<h2>Pol\u00edtica de cookies<\/h2>\n<p>\n\tPuede consultar toda la informaci\u00f3n relativa a la pol\u00edtica de recogida y tratamiento de las cookies en la p\u00e1gina de  <a href=\"https:\/\/trezemarketing.com\/?page_id=1727\">Pol\u00edtica de Cookies<\/a>.\n<\/p>\n\n\n<h2>Enlaces a otros sitios Web<\/h2>\n<p>\n\tEl Titular puede proporcionarle acceso a sitios Web de terceros mediante enlaces con la finalidad exclusiva de informar sobre la existencia de otras fuentes de informaci\u00f3n en Internet en las que podr\u00e1 ampliar los datos ofrecidos en el Sitio Web.\n<\/p>\n\n<p>\t\n\tEstos enlaces a otros sitios Web no suponen en ning\u00fan caso una sugerencia o recomendaci\u00f3n para que usted visite las p\u00e1ginas web de destino, que est\u00e1n fuera del control del Titular, por lo que el Titular no es responsable del contenido de los sitios web vinculados ni del resultado que obtenga al seguir los enlaces.\n\tAsimismo, el Titular no responde de los links o enlaces ubicados en los sitios web vinculados a los que le proporciona acceso.\n<\/p>\n\n<p>\n\tEl establecimiento del enlace no implica en ning\u00fan caso la existencia de relaciones entre el Titular y el propietario del sitio en el que se establezca el enlace, ni la aceptaci\u00f3n o aprobaci\u00f3n por parte del Titular de sus contenidos o servicios.\n<\/p>\n\n<p>\t\n\tSi accede a un sitio web externo desde un enlace que encuentre en el Sitio Web usted deber\u00e1 leer la propia pol\u00edtica de privacidad del otro sitio web que puede ser diferente de la de este sitio Web.\n<\/p>\n\n\n\n<h2>Propiedad intelectual e industrial<\/h2>\n<p>\n\tTodos los derechos est\u00e1n reservados.\n<\/p>\n<p>\n\tTodo acceso a este Sitio Web est\u00e1 sujeto a las siguientes condiciones: la reproducci\u00f3n, almacenaje permanente y la difusi\u00f3n de los contenidos o cualquier otro uso que tenga finalidad p\u00fablica o comercial queda expresamente prohibida sin el consentimiento previo expreso y por escrito del Titular.\n<\/p>\n\n\n<h2>Limitaci\u00f3n de responsabilidad<\/h2>\n<p>\n\tLa informaci\u00f3n y servicios incluidos o disponibles a trav\u00e9s del Sitio Web pueden incluir incorrecciones o errores tipogr\u00e1ficos. De forma peri\u00f3dica el Titular incorpora mejoras y\/o cambios a la informaci\u00f3n contenida y\/o los Servicios que puede introducir en cualquier momento.\n<\/p>\n<p>\n\tEl Titular no declara ni garantiza que los servicios o contenidos sean interrumpidos o que est\u00e9n libres de errores, que los defectos sean corregidos, o que el servicio o el servidor que lo pone a disposici\u00f3n est\u00e9n libres de virus u otros componentes nocivos sin perjuicio de que el Titular realiza todos los esfuerzos en evitar este tipo de incidentes.\n<\/p>\n<p>\n\tEl Titular declina cualquier responsabilidad en caso de que existan interrupciones o un mal funcionamiento de los Servicios o contenidos ofrecidos en Internet, cualquiera que sea su causa. Asimismo, el Titular no se hace responsable por ca\u00eddas de la red, p\u00e9rdidas de negocio a consecuencia de dichas ca\u00eddas, suspensiones temporales de fluido el\u00e9ctrico o cualquier otro tipo de da\u00f1o indirecto que te pueda ser causado por causas ajenas a el Titular.\n<\/p>\n<p>\n\tAntes de tomar decisiones y\/o acciones con base a la informaci\u00f3n incluida en el Sitio Web, el Titular le recomienda comprobar y contrastar la informaci\u00f3n recibida con otras fuentes.\n<\/p>\n\n<h2>Derecho de exclusi\u00f3n<\/h2>\n<p>\n\tEl Titular se reserva el derecho a denegar o retirar el acceso al Sitio Web y los servicios ofrecidos sin necesidad de preaviso, a instancia propia o de un tercero, a aquellos usuarios que incumplan cualquiera de las condiciones de este Aviso Legal.\n<\/p>\n\n\n<h2>Jurisdicci\u00f3n<\/h2>\n<p>\t\n\tEste Aviso Legal se rige \u00edntegramente por la legislaci\u00f3n espa\u00f1ola.\n<\/p>\n\n<p>\n\tSiempre que no haya una norma que obligue a otra cosa, para cuantas cuestiones se susciten sobre la interpretaci\u00f3n, aplicaci\u00f3n y cumplimiento de este Aviso Legal, as\u00ed como de las reclamaciones que puedan derivarse de su uso, las partes acuerdan someterse a los Jueces y Tribunales de la provincia de Alicante, con renuncia expresa de cualquier otra jurisdicci\u00f3n que pudiera corresponderles.\n<\/p>\n\n<h2>Contacto<\/h2>\n<p>\t\n\tEn caso de que usted tenga cualquier duda acerca de este Aviso Legal o quiera realizar cualquier comentario sobre el Sitio Web, puede enviar un mensaje de correo electr\u00f3nico a la direcci\u00f3n: info@\n<\/p>\n<h2><strong>AVISO LEGAL<\/strong><\/h2>\n<h3><strong>1. Identificaci\u00f3n y contacto del propietario de la web.<\/strong><\/h3>\n<p>En este aviso legal se reconoce a trezemarketing.com (en adelante la web) es propiedad de Gestion y Desarrollo Web Treze S.L. (en adelante el Titular).&nbsp; Con domicilio en Calle Arag\u00f3n N\u00ba21 Bajo \u2013 B , Espa\u00f1a&nbsp; Orihuela (Alicante). Tel\u00e9fono 627 44 59 43 y correo electr\u00f3nico info@.<\/p>\n<p>&nbsp;<\/p>\n<h3><strong>2. \u00c1mbito de aplicaci\u00f3n:<\/strong><\/h3>\n<p>La navegaci\u00f3n por el sitio web del Titular implica asumir la condici\u00f3n de usuario y la aceptaci\u00f3n absoluta de lo manifestado en este Aviso Legal.<\/p>\n<h3><strong>3. Edad.<\/strong><\/h3>\n<p>El registro en nuestra web est\u00e1 dirigido a mayores de dieciocho (18) a\u00f1os. Si se detectara el registro de un menor de 18 a\u00f1os, esa cuenta ser\u00e1 autom\u00e1ticamente eliminada.<\/p>\n<h3><strong>4. Propiedad intelectual o industrial.<\/strong><\/h3>\n<p>Los contenidos de la Web, por ejemplo textos, im\u00e1genes, gr\u00e1ficos o c\u00f3digo fuente, est\u00e1n protegidos por derechos de propiedad intelectual e industrial.<\/p>\n<p>Tales contenidos no podr\u00e1n ser, por ejemplo, reproducidos o transformados sin el permiso previo y expl\u00edcito del Titular. Los usuarios pueden acceder a los contenidos y realizar copias privadas autorizadas siempre que los elementos reproducidos no sean cedidos posteriormente a terceros, ni se instalen en servidores en red, ni sean objeto de ning\u00fan tipo de explotaci\u00f3n.<\/p>\n<h3><strong>5. Normas comunes de uso de la web.<\/strong><\/h3>\n<p>El usuario se compromete a hacer un uso de la Web de acuerdo a las siguientes normas:<\/p>\n<ul>\n<li>No publicar\u00e1 comunicaciones comerciales a trav\u00e9s del sitio web.<\/li>\n<li>No recopilar\u00e1 contenido o informaci\u00f3n de otros usuarios.<\/li>\n<li>No cargar\u00e1 virus ni c\u00f3digo malintencionado de ning\u00fan tipo.<\/li>\n<li>No solicitar\u00e1 informaci\u00f3n de inicio de sesi\u00f3n ni acceder\u00e1 a una cuenta perteneciente a otro usuario.<\/li>\n<li>No molestar\u00e1, intimidar\u00e1 ni acosar\u00e1 a ning\u00fan usuario.<\/li>\n<li>No realizar\u00e1 actos il\u00edcitos, enga\u00f1osos, malintencionados o discriminatorios en el sitio web, de acuerdo a estas condiciones y al ordenamiento<br \/>\njur\u00eddico espa\u00f1ol.<\/li>\n<li>No har\u00e1 nada que pueda poner en peligro la seguridad de su cuenta, especialmente respecto a su contrase\u00f1a. De hecho, comunicar\u00e1 cualquier incidencia relacionada con su contrase\u00f1a, cuenta, vulneraci\u00f3n de la confidencialidad de tus datos, peligro o amenaza detectada en la seguridad de sus datos.<\/li>\n<\/ul>\n<p>El Titular podr\u00e1 eliminar cualquier contenido o suspender el servicio si seg\u00fan su propio criterio, incumple cualquiera de las normas y obligaciones descritas en este Aviso Legal.<\/p>\n<p>Para cualquier consulta o aclaraci\u00f3n sobre estas normas comunitarias en particular o estas condiciones en particular, puede contactarnos v\u00eda email.<\/p>\n<h3><strong>6. Enlaces y limitaci\u00f3n de responsabilidad.<\/strong><\/h3>\n<p>El establecimiento de un hiperenlace no implica en ning\u00fan caso la existencia de relaciones entre el Titular y el propietario del sitio web en la que se establezca, ni la aceptaci\u00f3n y aprobaci\u00f3n por parte del Titular de sus contenidos o servicios. Aquellas personas que se propongan establecer un hiperenlace previamente deber\u00e1n solicitar autorizaci\u00f3n por escrito al Titular. En todo caso, el hiperenlace \u00fanicamente permitir\u00e1 el acceso a la p\u00e1gina de inicio de nuestro sitio web.&nbsp; Asimismo deber\u00e1 abstenerse de realizar manifestaciones o indicaciones falsas, inexactas o incorrectas sobre el Titular, o incluir contenidos il\u00edcitos, contrarios a las buenas costumbres y al orden p\u00fablico.<\/p>\n<p>El Titular no se responsabiliza del uso que cada usuario le d\u00e9 a los materiales puestos a disposici\u00f3n en este sitio web ni de las actuaciones que realice en base a los mismos. El contenido de la Web es de car\u00e1cter general y meramente informativo.<\/p>\n<p>El Titular no asumir\u00e1 responsabilidad por el contenido o funcionamiento de webs de terceros a los que el usuario de la Tienda pueda acceder mediante cualquier tipo de enlace.<\/p>\n<p>El Titular declina cualquier responsabilidad, hasta donde permita el ordenamiento jur\u00eddico, por los da\u00f1os y perjuicios derivados de la presencia de virus. As\u00ed mismo de las actuaciones de terceros que vulneren derechos de propiedad, al honor, a la intimidad o sobre publicidad il\u00edcita.<\/p>\n<p>Si alg\u00fan usuario o tercero considera que en la Web se est\u00e1 cometiendo alg\u00fan il\u00edcito de cualquier tipo debe remitir una comunicaci\u00f3n al Titular a la direcci\u00f3n de email que aparece en nuestros datos identificativos. Deber\u00e1 identificarse debidamente especificando los hechos que denuncia.<\/p>\n<h3><strong>7. Privacidad.<\/strong><\/h3>\n<p>Si en la Web se recabaran datos personales, el Titular ser\u00e1 responsable de los mismos y los tratar\u00e1 con absoluta confidencialidad y seguridad. Podr\u00e1 encontrar m\u00e1s informaci\u00f3n sobre nuestra pol\u00edtica de privacidad y cookies en la p\u00e1gina espec\u00edfica de informaci\u00f3n sobre esta cuesti\u00f3n.<\/p>\n<h3><strong>8. Legislaci\u00f3n aplicable, soluci\u00f3n de cuestiones controvertidas y foro competente.<\/strong><\/h3>\n<p>El uso de la Web se regir\u00e1 por la legislaci\u00f3n espa\u00f1ola. Cualquier controversia que surja o guarde relaci\u00f3n con el uso de la Web, ser\u00e1 sometido a la jurisdicci\u00f3n no exclusiva de los Juzgados y Tribunales del municipio donde radica el domicilio social del Titular, salvo que la normativa en vigor o el c\u00f3digo de conducta establezca foro distinto.<\/p>\n","protected":false},"excerpt":{"rendered":"<p>Identificaci\u00f3n y Titularidad En cumplimiento del art\u00edculo 10 de la Ley 34\/2002, de 11 de julio, de Servicios de la Sociedad de la Informaci\u00f3n y Comercio Electr\u00f3nico, el Titular expone sus datos identificativos: Titular:&nbsp; Gesti\u00f3n y Desarrollo Web Treze, S.L.. NIF:&nbsp;B-54630082 Inscrita en el registro mercantil de Alicante, tomo 4111, libro X, secci\u00f3n GNE, folio [&hellip;]<\/p>\n","protected":false},"author":3,"featured_media":0,"parent":0,"menu_order":0,"comment_status":"closed","ping_status":"closed","template":"","meta":{"_exactmetrics_skip_tracking":false,"_exactmetrics_sitenote_active":false,"_exactmetrics_sitenote_note":"","_exactmetrics_sitenote_category":0,"_genesis_hide_title":false,"_genesis_hide_breadcrumbs":false,"_genesis_hide_singular_image":false,"_genesis_hide_footer_widgets":false,"_genesis_custom_body_class":"","_genesis_custom_post_class":"","_genesis_layout":"","_joinchat":[],"footnotes":""},"class_list":{"0":"post-1635","1":"page","2":"type-page","3":"status-publish","5":"entry"},"yoast_head":"<!-- This site is optimized with the Yoast SEO plugin v27.2 - https:\/\/yoast.com\/product\/yoast-seo-wordpress\/ -->\n<title>Aviso Legal - TrezeMarketing.com<\/title>\n<meta name=\"robots\" content=\"noindex, nofollow\" \/>\n<meta property=\"og:locale\" content=\"es_ES\" \/>\n<meta property=\"og:type\" content=\"article\" \/>\n<meta property=\"og:title\" content=\"Aviso Legal - TrezeMarketing.com\" \/>\n<meta property=\"og:description\" content=\"Identificaci\u00f3n y Titularidad En cumplimiento del art\u00edculo 10 de la Ley 34\/2002, de 11 de julio, de Servicios de la Sociedad de la Informaci\u00f3n y Comercio Electr\u00f3nico, el Titular expone sus datos identificativos: Titular:&nbsp; Gesti\u00f3n y Desarrollo Web Treze, S.L.. NIF:&nbsp;B-54630082 Inscrita en el registro mercantil de Alicante, tomo 4111, libro X, secci\u00f3n GNE, folio [&hellip;]\" \/>\n<meta property=\"og:url\" content=\"https:\/\/trezemarketing.com\/?page_id=1635\" \/>\n<meta property=\"og:site_name\" content=\"TrezeMarketing.com\" \/>\n<meta property=\"article:publisher\" content=\"https:\/\/www.facebook.com\/TrezeMarketing13\" \/>\n<meta property=\"article:modified_time\" content=\"2021-02-19T11:04:29+00:00\" \/>\n<meta property=\"og:image\" content=\"https:\/\/trezemarketing.com\/wp-content\/uploads\/2021\/02\/google-bing-yahoo-1280x801-1.jpg\" \/>\n\t<meta property=\"og:image:width\" content=\"1280\" \/>\n\t<meta property=\"og:image:height\" content=\"801\" \/>\n\t<meta property=\"og:image:type\" content=\"image\/jpeg\" \/>\n<meta name=\"twitter:card\" content=\"summary_large_image\" \/>\n<meta name=\"twitter:site\" content=\"@TrezeMarketing\" \/>\n<meta name=\"twitter:label1\" content=\"Tiempo de lectura\" \/>\n\t<meta name=\"twitter:data1\" content=\"4 minutos\" \/>\n<script type=\"application\/ld+json\" class=\"yoast-schema-graph\">{\"@context\":\"https:\/\/schema.org\",\"@graph\":[{\"@type\":\"WebPage\",\"@id\":\"https:\/\/trezemarketing.com\/?page_id=1635\",\"url\":\"https:\/\/trezemarketing.com\/?page_id=1635\",\"name\":\"Aviso Legal - TrezeMarketing.com\",\"isPartOf\":{\"@id\":\"https:\/\/trezemarketing.com\/#website\"},\"datePublished\":\"2017-12-19T17:35:21+00:00\",\"dateModified\":\"2021-02-19T11:04:29+00:00\",\"breadcrumb\":{\"@id\":\"https:\/\/trezemarketing.com\/?page_id=1635#breadcrumb\"},\"inLanguage\":\"es\",\"potentialAction\":[{\"@type\":\"ReadAction\",\"target\":[\"https:\/\/trezemarketing.com\/?page_id=1635\"]}]},{\"@type\":\"BreadcrumbList\",\"@id\":\"https:\/\/trezemarketing.com\/?page_id=1635#breadcrumb\",\"itemListElement\":[{\"@type\":\"ListItem\",\"position\":1,\"name\":\"Portada\",\"item\":\"https:\/\/trezemarketing.com\/\"},{\"@type\":\"ListItem\",\"position\":2,\"name\":\"Aviso Legal\"}]},{\"@type\":\"WebSite\",\"@id\":\"https:\/\/trezemarketing.com\/#website\",\"url\":\"https:\/\/trezemarketing.com\/\",\"name\":\"TrezeMarketing.com\",\"description\":\"Agencia de Marketing\",\"publisher\":{\"@id\":\"https:\/\/trezemarketing.com\/#organization\"},\"potentialAction\":[{\"@type\":\"SearchAction\",\"target\":{\"@type\":\"EntryPoint\",\"urlTemplate\":\"https:\/\/trezemarketing.com\/?s={search_term_string}\"},\"query-input\":{\"@type\":\"PropertyValueSpecification\",\"valueRequired\":true,\"valueName\":\"search_term_string\"}}],\"inLanguage\":\"es\"},{\"@type\":\"Organization\",\"@id\":\"https:\/\/trezemarketing.com\/#organization\",\"name\":\"TrezeMarketing\",\"url\":\"https:\/\/trezemarketing.com\/\",\"logo\":{\"@type\":\"ImageObject\",\"inLanguage\":\"es\",\"@id\":\"https:\/\/trezemarketing.com\/#\/schema\/logo\/image\/\",\"url\":\"https:\/\/trezemarketing.com\/wp-content\/uploads\/2017\/12\/TrezeMarketing-logo-2.png\",\"contentUrl\":\"https:\/\/trezemarketing.com\/wp-content\/uploads\/2017\/12\/TrezeMarketing-logo-2.png\",\"width\":300,\"height\":100,\"caption\":\"TrezeMarketing\"},\"image\":{\"@id\":\"https:\/\/trezemarketing.com\/#\/schema\/logo\/image\/\"},\"sameAs\":[\"https:\/\/www.facebook.com\/TrezeMarketing13\",\"https:\/\/x.com\/TrezeMarketing\",\"https:\/\/www.instagram.com\/trezemarketing\/\",\"https:\/\/www.linkedin.com\/company\/trezemarketing\/\"]}]}<\/script>\n<!-- \/ Yoast SEO plugin. -->","yoast_head_json":{"title":"Aviso Legal - TrezeMarketing.com","robots":{"index":"noindex","follow":"nofollow"},"og_locale":"es_ES","og_type":"article","og_title":"Aviso Legal - TrezeMarketing.com","og_description":"Identificaci\u00f3n y Titularidad En cumplimiento del art\u00edculo 10 de la Ley 34\/2002, de 11 de julio, de Servicios de la Sociedad de la Informaci\u00f3n y Comercio Electr\u00f3nico, el Titular expone sus datos identificativos: Titular:&nbsp; Gesti\u00f3n y Desarrollo Web Treze, S.L.. NIF:&nbsp;B-54630082 Inscrita en el registro mercantil de Alicante, tomo 4111, libro X, secci\u00f3n GNE, folio [&hellip;]","og_url":"https:\/\/trezemarketing.com\/?page_id=1635","og_site_name":"TrezeMarketing.com","article_publisher":"https:\/\/www.facebook.com\/TrezeMarketing13","article_modified_time":"2021-02-19T11:04:29+00:00","og_image":[{"width":1280,"height":801,"url":"https:\/\/trezemarketing.com\/wp-content\/uploads\/2021\/02\/google-bing-yahoo-1280x801-1.jpg","type":"image\/jpeg"}],"twitter_card":"summary_large_image","twitter_site":"@TrezeMarketing","twitter_misc":{"Tiempo de lectura":"4 minutos"},"schema":{"@context":"https:\/\/schema.org","@graph":[{"@type":"WebPage","@id":"https:\/\/trezemarketing.com\/?page_id=1635","url":"https:\/\/trezemarketing.com\/?page_id=1635","name":"Aviso Legal - TrezeMarketing.com","isPartOf":{"@id":"https:\/\/trezemarketing.com\/#website"},"datePublished":"2017-12-19T17:35:21+00:00","dateModified":"2021-02-19T11:04:29+00:00","breadcrumb":{"@id":"https:\/\/trezemarketing.com\/?page_id=1635#breadcrumb"},"inLanguage":"es","potentialAction":[{"@type":"ReadAction","target":["https:\/\/trezemarketing.com\/?page_id=1635"]}]},{"@type":"BreadcrumbList","@id":"https:\/\/trezemarketing.com\/?page_id=1635#breadcrumb","itemListElement":[{"@type":"ListItem","position":1,"name":"Portada","item":"https:\/\/trezemarketing.com\/"},{"@type":"ListItem","position":2,"name":"Aviso Legal"}]},{"@type":"WebSite","@id":"https:\/\/trezemarketing.com\/#website","url":"https:\/\/trezemarketing.com\/","name":"TrezeMarketing.com","description":"Agencia de Marketing","publisher":{"@id":"https:\/\/trezemarketing.com\/#organization"},"potentialAction":[{"@type":"SearchAction","target":{"@type":"EntryPoint","urlTemplate":"https:\/\/trezemarketing.com\/?s={search_term_string}"},"query-input":{"@type":"PropertyValueSpecification","valueRequired":true,"valueName":"search_term_string"}}],"inLanguage":"es"},{"@type":"Organization","@id":"https:\/\/trezemarketing.com\/#organization","name":"TrezeMarketing","url":"https:\/\/trezemarketing.com\/","logo":{"@type":"ImageObject","inLanguage":"es","@id":"https:\/\/trezemarketing.com\/#\/schema\/logo\/image\/","url":"https:\/\/trezemarketing.com\/wp-content\/uploads\/2017\/12\/TrezeMarketing-logo-2.png","contentUrl":"https:\/\/trezemarketing.com\/wp-content\/uploads\/2017\/12\/TrezeMarketing-logo-2.png","width":300,"height":100,"caption":"TrezeMarketing"},"image":{"@id":"https:\/\/trezemarketing.com\/#\/schema\/logo\/image\/"},"sameAs":["https:\/\/www.facebook.com\/TrezeMarketing13","https:\/\/x.com\/TrezeMarketing","https:\/\/www.instagram.com\/trezemarketing\/","https:\/\/www.linkedin.com\/company\/trezemarketing\/"]}]}},"featured_image_src":null,"featured_image_src_square":null,"_links":{"self":[{"href":"https:\/\/trezemarketing.com\/index.php?rest_route=\/wp\/v2\/pages\/1635","targetHints":{"allow":["GET"]}}],"collection":[{"href":"https:\/\/trezemarketing.com\/index.php?rest_route=\/wp\/v2\/pages"}],"about":[{"href":"https:\/\/trezemarketing.com\/index.php?rest_route=\/wp\/v2\/types\/page"}],"author":[{"embeddable":true,"href":"https:\/\/trezemarketing.com\/index.php?rest_route=\/wp\/v2\/users\/3"}],"replies":[{"embeddable":true,"href":"https:\/\/trezemarketing.com\/index.php?rest_route=%2Fwp%2Fv2%2Fcomments&post=1635"}],"version-history":[{"count":4,"href":"https:\/\/trezemarketing.com\/index.php?rest_route=\/wp\/v2\/pages\/1635\/revisions"}],"predecessor-version":[{"id":2159,"href":"https:\/\/trezemarketing.com\/index.php?rest_route=\/wp\/v2\/pages\/1635\/revisions\/2159"}],"wp:attachment":[{"href":"https:\/\/trezemarketing.com\/index.php?rest_route=%2Fwp%2Fv2%2Fmedia&parent=1635"}],"curies":[{"name":"wp","href":"https:\/\/api.w.org\/{rel}","templated":true}]}}