{"id":1847,"date":"2021-02-18T18:24:54","date_gmt":"2021-02-18T18:24:54","guid":{"rendered":"https:\/?page_id=1847"},"modified":"2021-09-15T14:22:26","modified_gmt":"2021-09-15T14:22:26","slug":"consultoria-online","status":"publish","type":"page","link":"https:\/\/trezemarketing.com\/?page_id=1847","title":{"rendered":"Consultor\u00eda Online"},"content":{"rendered":"\n<p><\/p>\n\n\n\n<div style=\"background-color:#abb8c3;padding-left:5%;padding-right:5%;padding-bottom:15%;padding-top:15%\" class=\"wp-block-genesis-blocks-gb-container gb-layout-hero-1 gb-block-container alignfull\"><div class=\"gb-container-inside\"><div class=\"gb-container-image-wrap\"><img decoding=\"async\" class=\"gb-container-image has-background-dim\" object-fit=\"cover\"  src=\"https:\/\/trezemarketing.com\/wp-content\/uploads\/2021\/02\/Fondo-reserva-online.png\" alt=\"\"\/><\/div><div class=\"gb-container-content\" style=\"max-width:1600px\">\n<h2 class=\"has-text-align-center gb-white-text has-black-color has-text-color wp-block-heading\">Consultor\u00eda Online, reserva el d\u00eda y la hora para que podamos conocer mejor tu Proyecto Web.<\/h2>\n\n\n\n<div class=\"wp-block-booking-booking\"> <div id=\"form_id1195464304219\" class=\"wpbc_container wpbc_form wpbc_container_booking_form \" ><form id=\"booking_form1\" class=\"booking_form vertical\" method=\"post\" action=\"\"><div id=\"ajax_respond_insert1\" class=\"ajax_respond_insert\" style=\"display:none;\"><\/div><a name=\"bklnk1\" id=\"bklnk1\"><\/a><div id=\"booking_form_div1\" class=\"booking_form_div\"><style type=\"text\/css\">.wpbc_container_booking_form .block_hints, .wpbc_booking_form_simple.wpbc_form_center .wpbc__form__div .wpbc__row.wpbc_r_calendar, .wpbc_booking_form_simple .wpbc__form__div .wpbc__row:not(.wpbc_r_calendar){max-width:100%;} <\/style>\n<div class=\"wpbc_booking_form_simple \">\n<div class=\"wpbc__row\">\n  <div class=\"wpbc__field\">\n    <div class=\"wpbc_calendar_wraper wpbc_change_over_triangle wpbc_calendar_skin_legacy\"><div class=\"wpbc_cal_container bk_calendar_frame wpbc_no_custom_width  months_num_in_row_ cal_month_num_2 wpbc_timeslot_day_bg_as_available\" style=\"\"><div id=\"calendar_booking1\"  class=\"wpbc_calendar_id_1\" >\t<div class=\"calendar_loader_frame calendar_loader_frame1\"\r\n\t\tdata-wpbc-rid=\"1\"\r\n\t\tdata-wpbc-grace=\"8000\"\r\n\t\tstyle=\"--wpbc-loader-cols: 2;\"\r\n\t>\r\n\t\t<div class=\"calendar_loader_text\">Cargando...<\/div>\r\n\t\t<div class=\"calendar_loader_frame__progress_line_container\">\r\n\t\t\t<div class=\"calendar_loader_frame__progress_line\"><\/div>\r\n\t\t<\/div>\r\n\t<\/div>\r\n\t<\/div><\/div><textarea id=\"date_booking1\" name=\"date_booking1\" autocomplete=\"off\" style=\"display:none;\"><\/textarea><\/div>\n  <\/div>\n  <div class=\"wpbc__field\">\n<div class=\"wpbc__form__div\">\n\t\t\t<div class=\"wpbc__row\">\n\t\t\t\t<div class=\"wpbc_r_rangetime wpbc__field\"> <label>Horario*<\/label><br><span class=\"wpbc_wrap_select wpdev-form-control-wrap rangetime1\"><select onchange=\"javascript:if(typeof( wpbc_show_cost_hints_after_few_seconds )=='function'){wpbc_show_cost_hints_after_few_seconds(1);}\" name=\"rangetime1\" autocomplete=\"rangetime\" class=\"wpdev-validates-as-required\"><option value=\"12:00 - 13:00\">De 12:00 a 13:00<\/option><option value=\"18:00 - 19:00\">De 18:00 a 19:00<\/option><\/select><\/span> <\/div>\n\t\t\t<\/div>\n\t\t\t<div class=\"wpbc__row\">\n\t\t\t\t<div class=\"wpbc_r_email wpbc__field\"> <label>Correo Electronico*<\/label><br><span class=\"wpbc_wrap_text wpdev-form-control-wrap email1\"><input type=\"email\" name=\"email1\" value=\"\" autocomplete=\"email\" class=\"wpdev-validates-as-email wpdev-validates-as-required\" size=\"40\" \/><\/span> <\/div>\n\n\t\t\t\t<div class=\"wpbc_r_phone wpbc__field\"> <label>Tel\u00e9fono Movil*<\/label><br><span class=\"wpbc_wrap_text wpdev-form-control-wrap phone1\"><input type=\"text\" name=\"phone1\" value=\"\" autocomplete=\"phone\" class=\"wpdev-validates-as-required\" size=\"40\" \/><\/span> <\/div>\n\t\t\t<\/div>\n\t\t\t<div class=\"wpbc__row\">\n\t\t\t\t<div class=\"wpbc_r_checkbox wpbc__field\"><span class=\"wpbc_wrap_checkbox wpdev-form-control-wrap checkbox1\"><span autocomplete=\"checkbox\" class=\"wpdev-validates-as-required wpdev-checkbox\"><span class=\"wpdev-list-item\"><input  autocomplete=\"checkbox\" class=\"wpdev-validates-as-required wpdev-checkbox\" id=\"checkboxid177632140308402\"  onchange=\"javascript:if(typeof( wpbc_show_cost_hints_after_few_seconds )=='function'){wpbc_show_cost_hints_after_few_seconds(1);}\"  type=\"checkbox\"  name=\"checkbox1[]\"  value=\"Acepto la Pol\u00edtica de Privacidad\" \/><label for=\"checkboxid177632140308402\"  class=\"wpdev-list-item-label\">Acepto la Pol\u00edtica de Privacidad<\/label><\/span><\/span><\/span> <\/div>\n\n\t\t\t\t<div class=\"wpbc_r_captcha wpbc__field\"> <label><\/label><br><span class=\"wpbc_text_captcha_container wpdev-form-control-wrap \"><input  autocomplete=\"off\" type=\"hidden\" name=\"wpdev_captcha_challenge_1\"  id=\"wpdev_captcha_challenge_1\" value=\"472626945\" \/><input  autocomplete=\"off\" type=\"text\" class=\"captachinput\" value=\"\" name=\"captcha_input1\" id=\"captcha_input1\" \/><img decoding=\"async\" class=\"captcha_img\"  id=\"captcha_img1\" alt=\"To show CAPTCHA, please deactivate cache plugin or exclude this page from caching or disable CAPTCHA at WP Booking Calendar - Settings General page in Form Options section.\" src=\"https:\/\/trezemarketing.com\/wp-content\/plugins\/booking\/js\/captcha\/tmp\/472626945.png\" \/><\/span> <\/div>\n\t\t\t<\/div>\n\t\t\t<div class=\"wpbc__row\">\n\t\t\t\t<div class=\"wpbc_r_submit wpbc__field\"><input type=\"button\" value=\"Enviar\" class=\"wpbc_button_light  btn btn\" onclick=\"wpbc_booking_form_submit(this.form,1, 'es_ES');\" \/> <\/div>\n\t\t\t<\/div>\n<\/div>\n\t<\/div>\n\t<\/div>\n<\/div><input id=\"bk_type1\" name=\"bk_type1\" class=\"\" type=\"hidden\" value=\"1\" \/><\/div><div id=\"submiting1\"><\/div><div class=\"form_bk_messages\" id=\"form_bk_messages1\" ><\/div><input type=\"hidden\" id=\"wpbc_nonceCALCULATE_THE_COST1\" name=\"wpbc_nonceCALCULATE_THE_COST1\" value=\"2718f39e78\" \/><input type=\"hidden\" name=\"_wp_http_referer\" value=\"\/index.php?rest_route=%2Fwp%2Fv2%2Fpages%2F1847\" \/><\/form><\/div><div id=\"booking_form_garbage1\" class=\"booking_form_garbage\"><\/div> <\/div>\n\n\n\n<div style=\"height:48px\" aria-hidden=\"true\" class=\"wp-block-spacer\"><\/div>\n\n\n\n<p class=\"has-text-align-center has-text-color\" style=\"color:#4e4d4d\">En breve recibir\u00e1s un correo electr\u00f3nico de confirmaci\u00f3n de la consultor\u00eda. Te enviaremos una cita compartida por Google Calendar y contactaremos a trav\u00e9s de Google Meet.<\/p>\n\n\n\n<div style=\"height:100px\" aria-hidden=\"true\" class=\"wp-block-spacer\"><\/div>\n\n\n\n<p class=\"has-text-align-center has-large-font-size\">\u00bfNecesitas algo m\u00e1s?<\/p>\n\n\n\n<div class=\"wp-block-buttons is-content-justification-center is-layout-flex wp-block-buttons-is-layout-flex\">\n<div class=\"wp-block-button\"><a class=\"wp-block-button__link has-background\" href=\"https:\/contacto-solicitud-de-informacion\" style=\"border-radius:15px;background-color:#fb1f56\" target=\"_blank\" rel=\"noreferrer noopener\">M\u00e1s Informaci\u00f3n<\/a><\/div>\n\n\n\n<div class=\"wp-block-button\"><a class=\"wp-block-button__link has-background\" href=\"https:\/presupuesto\" style=\"border-radius:15px;background-color:#fb1f56\" target=\"_blank\" rel=\"noreferrer noopener\">Solicitar Presupuesto<\/a><\/div>\n<\/div>\n\n\n\n<div style=\"height:100px\" aria-hidden=\"true\" class=\"wp-block-spacer\"><\/div>\n<\/div><\/div><\/div>\n\n\n\n<div class=\"wp-block-booking-booking\"><\/div>\n\n\n\n<p><\/p>\n","protected":false},"excerpt":{"rendered":"","protected":false},"author":3,"featured_media":0,"parent":0,"menu_order":0,"comment_status":"closed","ping_status":"closed","template":"","meta":{"_exactmetrics_skip_tracking":false,"_exactmetrics_sitenote_active":false,"_exactmetrics_sitenote_note":"","_exactmetrics_sitenote_category":0,"_genesis_hide_title":true,"_genesis_hide_breadcrumbs":true,"_genesis_hide_singular_image":false,"_genesis_hide_footer_widgets":false,"_genesis_custom_body_class":"","_genesis_custom_post_class":"","_genesis_layout":"full-width-content","_joinchat":[],"footnotes":""},"class_list":{"0":"post-1847","1":"page","2":"type-page","3":"status-publish","5":"entry"},"yoast_head":"<!-- This site is optimized with the Yoast SEO plugin v27.2 - https:\/\/yoast.com\/product\/yoast-seo-wordpress\/ -->\n<title>Consultor\u00eda Online - TrezeMarketing.com<\/title>\n<meta name=\"robots\" content=\"index, follow, max-snippet:-1, max-image-preview:large, max-video-preview:-1\" \/>\n<link rel=\"canonical\" href=\"https:\/\/trezemarketing.com\/?page_id=1847\" \/>\n<meta property=\"og:locale\" content=\"es_ES\" \/>\n<meta property=\"og:type\" content=\"article\" \/>\n<meta property=\"og:title\" content=\"Consultor\u00eda Online - TrezeMarketing.com\" \/>\n<meta property=\"og:url\" content=\"https:\/\/trezemarketing.com\/?page_id=1847\" \/>\n<meta property=\"og:site_name\" content=\"TrezeMarketing.com\" \/>\n<meta property=\"article:publisher\" content=\"https:\/\/www.facebook.com\/TrezeMarketing13\" \/>\n<meta property=\"article:modified_time\" content=\"2021-09-15T14:22:26+00:00\" \/>\n<meta property=\"og:image\" content=\"https:\/\/trezemarketing.com\/wp-content\/uploads\/2021\/02\/Fondo-reserva-online.png\" \/>\n<meta name=\"twitter:card\" content=\"summary_large_image\" \/>\n<meta name=\"twitter:site\" content=\"@TrezeMarketing\" \/>\n<meta name=\"twitter:label1\" content=\"Tiempo de lectura\" \/>\n\t<meta name=\"twitter:data1\" content=\"1 minuto\" \/>\n<script type=\"application\/ld+json\" class=\"yoast-schema-graph\">{\"@context\":\"https:\/\/schema.org\",\"@graph\":[{\"@type\":\"WebPage\",\"@id\":\"https:\/\/trezemarketing.com\/?page_id=1847\",\"url\":\"https:\/\/trezemarketing.com\/?page_id=1847\",\"name\":\"Consultor\u00eda Online - TrezeMarketing.com\",\"isPartOf\":{\"@id\":\"https:\/\/trezemarketing.com\/#website\"},\"primaryImageOfPage\":{\"@id\":\"https:\/\/trezemarketing.com\/?page_id=1847#primaryimage\"},\"image\":{\"@id\":\"https:\/\/trezemarketing.com\/?page_id=1847#primaryimage\"},\"thumbnailUrl\":\"https:\/\/trezemarketing.com\/wp-content\/uploads\/2021\/02\/Fondo-reserva-online.png\",\"datePublished\":\"2021-02-18T18:24:54+00:00\",\"dateModified\":\"2021-09-15T14:22:26+00:00\",\"breadcrumb\":{\"@id\":\"https:\/\/trezemarketing.com\/?page_id=1847#breadcrumb\"},\"inLanguage\":\"es\",\"potentialAction\":[{\"@type\":\"ReadAction\",\"target\":[\"https:\/\/trezemarketing.com\/?page_id=1847\"]}]},{\"@type\":\"ImageObject\",\"inLanguage\":\"es\",\"@id\":\"https:\/\/trezemarketing.com\/?page_id=1847#primaryimage\",\"url\":\"https:\/\/trezemarketing.com\/wp-content\/uploads\/2021\/02\/Fondo-reserva-online.png\",\"contentUrl\":\"https:\/\/trezemarketing.com\/wp-content\/uploads\/2021\/02\/Fondo-reserva-online.png\",\"width\":1920,\"height\":1080},{\"@type\":\"BreadcrumbList\",\"@id\":\"https:\/\/trezemarketing.com\/?page_id=1847#breadcrumb\",\"itemListElement\":[{\"@type\":\"ListItem\",\"position\":1,\"name\":\"Portada\",\"item\":\"https:\/\/trezemarketing.com\/\"},{\"@type\":\"ListItem\",\"position\":2,\"name\":\"Consultor\u00eda Online\"}]},{\"@type\":\"WebSite\",\"@id\":\"https:\/\/trezemarketing.com\/#website\",\"url\":\"https:\/\/trezemarketing.com\/\",\"name\":\"TrezeMarketing.com\",\"description\":\"Agencia de Marketing\",\"publisher\":{\"@id\":\"https:\/\/trezemarketing.com\/#organization\"},\"potentialAction\":[{\"@type\":\"SearchAction\",\"target\":{\"@type\":\"EntryPoint\",\"urlTemplate\":\"https:\/\/trezemarketing.com\/?s={search_term_string}\"},\"query-input\":{\"@type\":\"PropertyValueSpecification\",\"valueRequired\":true,\"valueName\":\"search_term_string\"}}],\"inLanguage\":\"es\"},{\"@type\":\"Organization\",\"@id\":\"https:\/\/trezemarketing.com\/#organization\",\"name\":\"TrezeMarketing\",\"url\":\"https:\/\/trezemarketing.com\/\",\"logo\":{\"@type\":\"ImageObject\",\"inLanguage\":\"es\",\"@id\":\"https:\/\/trezemarketing.com\/#\/schema\/logo\/image\/\",\"url\":\"https:\/\/trezemarketing.com\/wp-content\/uploads\/2017\/12\/TrezeMarketing-logo-2.png\",\"contentUrl\":\"https:\/\/trezemarketing.com\/wp-content\/uploads\/2017\/12\/TrezeMarketing-logo-2.png\",\"width\":300,\"height\":100,\"caption\":\"TrezeMarketing\"},\"image\":{\"@id\":\"https:\/\/trezemarketing.com\/#\/schema\/logo\/image\/\"},\"sameAs\":[\"https:\/\/www.facebook.com\/TrezeMarketing13\",\"https:\/\/x.com\/TrezeMarketing\",\"https:\/\/www.instagram.com\/trezemarketing\/\",\"https:\/\/www.linkedin.com\/company\/trezemarketing\/\"]}]}<\/script>\n<!-- \/ Yoast SEO plugin. -->","yoast_head_json":{"title":"Consultor\u00eda Online - TrezeMarketing.com","robots":{"index":"index","follow":"follow","max-snippet":"max-snippet:-1","max-image-preview":"max-image-preview:large","max-video-preview":"max-video-preview:-1"},"canonical":"https:\/\/trezemarketing.com\/?page_id=1847","og_locale":"es_ES","og_type":"article","og_title":"Consultor\u00eda Online - TrezeMarketing.com","og_url":"https:\/\/trezemarketing.com\/?page_id=1847","og_site_name":"TrezeMarketing.com","article_publisher":"https:\/\/www.facebook.com\/TrezeMarketing13","article_modified_time":"2021-09-15T14:22:26+00:00","og_image":[{"url":"https:\/\/trezemarketing.com\/wp-content\/uploads\/2021\/02\/Fondo-reserva-online.png","type":"","width":"","height":""}],"twitter_card":"summary_large_image","twitter_site":"@TrezeMarketing","twitter_misc":{"Tiempo de lectura":"1 minuto"},"schema":{"@context":"https:\/\/schema.org","@graph":[{"@type":"WebPage","@id":"https:\/\/trezemarketing.com\/?page_id=1847","url":"https:\/\/trezemarketing.com\/?page_id=1847","name":"Consultor\u00eda Online - TrezeMarketing.com","isPartOf":{"@id":"https:\/\/trezemarketing.com\/#website"},"primaryImageOfPage":{"@id":"https:\/\/trezemarketing.com\/?page_id=1847#primaryimage"},"image":{"@id":"https:\/\/trezemarketing.com\/?page_id=1847#primaryimage"},"thumbnailUrl":"https:\/\/trezemarketing.com\/wp-content\/uploads\/2021\/02\/Fondo-reserva-online.png","datePublished":"2021-02-18T18:24:54+00:00","dateModified":"2021-09-15T14:22:26+00:00","breadcrumb":{"@id":"https:\/\/trezemarketing.com\/?page_id=1847#breadcrumb"},"inLanguage":"es","potentialAction":[{"@type":"ReadAction","target":["https:\/\/trezemarketing.com\/?page_id=1847"]}]},{"@type":"ImageObject","inLanguage":"es","@id":"https:\/\/trezemarketing.com\/?page_id=1847#primaryimage","url":"https:\/\/trezemarketing.com\/wp-content\/uploads\/2021\/02\/Fondo-reserva-online.png","contentUrl":"https:\/\/trezemarketing.com\/wp-content\/uploads\/2021\/02\/Fondo-reserva-online.png","width":1920,"height":1080},{"@type":"BreadcrumbList","@id":"https:\/\/trezemarketing.com\/?page_id=1847#breadcrumb","itemListElement":[{"@type":"ListItem","position":1,"name":"Portada","item":"https:\/\/trezemarketing.com\/"},{"@type":"ListItem","position":2,"name":"Consultor\u00eda Online"}]},{"@type":"WebSite","@id":"https:\/\/trezemarketing.com\/#website","url":"https:\/\/trezemarketing.com\/","name":"TrezeMarketing.com","description":"Agencia de Marketing","publisher":{"@id":"https:\/\/trezemarketing.com\/#organization"},"potentialAction":[{"@type":"SearchAction","target":{"@type":"EntryPoint","urlTemplate":"https:\/\/trezemarketing.com\/?s={search_term_string}"},"query-input":{"@type":"PropertyValueSpecification","valueRequired":true,"valueName":"search_term_string"}}],"inLanguage":"es"},{"@type":"Organization","@id":"https:\/\/trezemarketing.com\/#organization","name":"TrezeMarketing","url":"https:\/\/trezemarketing.com\/","logo":{"@type":"ImageObject","inLanguage":"es","@id":"https:\/\/trezemarketing.com\/#\/schema\/logo\/image\/","url":"https:\/\/trezemarketing.com\/wp-content\/uploads\/2017\/12\/TrezeMarketing-logo-2.png","contentUrl":"https:\/\/trezemarketing.com\/wp-content\/uploads\/2017\/12\/TrezeMarketing-logo-2.png","width":300,"height":100,"caption":"TrezeMarketing"},"image":{"@id":"https:\/\/trezemarketing.com\/#\/schema\/logo\/image\/"},"sameAs":["https:\/\/www.facebook.com\/TrezeMarketing13","https:\/\/x.com\/TrezeMarketing","https:\/\/www.instagram.com\/trezemarketing\/","https:\/\/www.linkedin.com\/company\/trezemarketing\/"]}]}},"featured_image_src":null,"featured_image_src_square":null,"_links":{"self":[{"href":"https:\/\/trezemarketing.com\/index.php?rest_route=\/wp\/v2\/pages\/1847","targetHints":{"allow":["GET"]}}],"collection":[{"href":"https:\/\/trezemarketing.com\/index.php?rest_route=\/wp\/v2\/pages"}],"about":[{"href":"https:\/\/trezemarketing.com\/index.php?rest_route=\/wp\/v2\/types\/page"}],"author":[{"embeddable":true,"href":"https:\/\/trezemarketing.com\/index.php?rest_route=\/wp\/v2\/users\/3"}],"replies":[{"embeddable":true,"href":"https:\/\/trezemarketing.com\/index.php?rest_route=%2Fwp%2Fv2%2Fcomments&post=1847"}],"version-history":[{"count":21,"href":"https:\/\/trezemarketing.com\/index.php?rest_route=\/wp\/v2\/pages\/1847\/revisions"}],"predecessor-version":[{"id":2154,"href":"https:\/\/trezemarketing.com\/index.php?rest_route=\/wp\/v2\/pages\/1847\/revisions\/2154"}],"wp:attachment":[{"href":"https:\/\/trezemarketing.com\/index.php?rest_route=%2Fwp%2Fv2%2Fmedia&parent=1847"}],"curies":[{"name":"wp","href":"https:\/\/api.w.org\/{rel}","templated":true}]}}